{"id":146,"date":"2025-03-26T17:28:01","date_gmt":"2025-03-26T17:28:01","guid":{"rendered":"https:\/\/webredox.net\/demo\/wp\/rixos\/?page_id=146"},"modified":"2026-03-06T14:36:15","modified_gmt":"2026-03-06T14:36:15","slug":"concierge","status":"publish","type":"page","link":"https:\/\/palaisbeitalnoor.com\/en\/conciergerie\/","title":{"rendered":"Concierge"},"content":{"rendered":"<div data-elementor-type=\"wp-page\" data-elementor-id=\"146\" class=\"elementor elementor-146\">\n\t\t\t\t<div class=\"elementor-element elementor-element-3955728 e-con-full e-flex e-con e-parent\" data-id=\"3955728\" data-element_type=\"container\" data-e-type=\"container\">\n\t\t\t\t<div class=\"elementor-element elementor-element-9867c14 elementor-widget elementor-widget-rixos-banner-image\" data-id=\"9867c14\" data-element_type=\"widget\" data-e-type=\"widget\" data-widget_type=\"rixos-banner-image.default\">\n\t\t\t\t<div class=\"elementor-widget-container\">\n\t\t\t\t\t\t\t\t\t<section class=\"parallax-header valign bg-img bg-img-d bg-fixed\" data-overlay-dark=\"5\" data-background=\"https:\/\/palaisbeitalnoor.com\/wp-content\/uploads\/2026\/03\/anon-bob-2_a_Desert_sunset_silhou.png\">\n\t\t\t<div class=\"container\">\n\t\t\t\t<div class=\"row justify-content-start align-items-center\">\n\t\t\t\t\t<div class=\"col-lg-12 offset-md-0 col-md-12 rx-banner-text-align\">\n\t\t\t\t\t\t\t\t\t\t\t\t\t\t\t\t\t\t<h4 class=\"rx-header-banner-title\">Concierge<\/h4>\n\t\t\t\t\t\t\t\t\t\t\t\t\t\t\t\t\t\t\t\t\t\t\t\t\t\t\t\t\t<\/div>\n\t\t\t\t\t\t\t\t\t<\/div>\n\t\t\t<\/div>\n\t\t<\/section>\n\t\t\t\t\t\t\t\t<\/div>\n\t\t\t\t<\/div>\n\t\t\t\t<\/div>\n\t\t<div class=\"elementor-element elementor-element-d3de529 e-flex e-con-boxed e-con e-parent\" data-id=\"d3de529\" data-element_type=\"container\" data-e-type=\"container\">\n\t\t\t\t\t<div class=\"e-con-inner\">\n\t\t<div class=\"elementor-element elementor-element-8e877ab e-con-full e-flex e-con e-child\" data-id=\"8e877ab\" data-element_type=\"container\" data-e-type=\"container\">\n\t\t\t\t<div class=\"elementor-element elementor-element-9505ee8 elementor-widget elementor-widget-rixos-sec-title\" data-id=\"9505ee8\" data-element_type=\"widget\" data-e-type=\"widget\" data-widget_type=\"rixos-sec-title.default\">\n\t\t\t\t<div class=\"elementor-widget-container\">\n\t\t\t\t\t\t\t<div class=\"clear\">\n\t\t\t\t\t\t            <h6 class=\"section-title black\">Palais Beit Al Noor Concierge <\/h6>\n\t\t\t        <\/div>\n\t\t\t\t\t\t<\/div>\n\t\t\t\t<\/div>\n\t\t\t\t<div class=\"elementor-element elementor-element-7661496 elementor-widget elementor-widget-text-editor\" data-id=\"7661496\" data-element_type=\"widget\" data-e-type=\"widget\" data-widget_type=\"text-editor.default\">\n\t\t\t\t\t\t\t\t\t<p><strong>A tailor-made service for your stay in Marrakech<\/strong><\/p><p>At Palais Beit Al Noor, an intimate establishment in Marrakech, every stay is planned down to the smallest detail.<\/p><p>Our concierge service assists each guest before and during their stay, from arranging private transfers and booking exclusive local experiences to providing carefully curated recommendations: fine dining, cultural visits, artisans, wellness, or off-the-beaten-path discoveries.<\/p><p>Always attentive to your needs, our team works with you to create a tailor-made stay in Marrakech, at your own pace and in your own image, reflecting the discreet and attentive spirit that defines the soul of Palais Beit Al Noor.<\/p>\t\t\t\t\t\t\t\t<\/div>\n\t\t\t\t<div class=\"elementor-element elementor-element-5882311 elementor-hidden-desktop elementor-hidden-tablet elementor-hidden-mobile elementor-widget elementor-widget-rixos-gallery\" data-id=\"5882311\" data-element_type=\"widget\" data-e-type=\"widget\" data-widget_type=\"rixos-gallery.default\">\n\t\t\t\t<div class=\"elementor-widget-container\">\n\t\t\t\t\t\t\t\n\t\t\t\t\t\t<div class=\"container-after-gallery\">\n\t\t<div class=\"row bc-classic-gallery isotope-items-wrap  no-hide-last loadmore-wrapper-gallery sec-gallery\" data-load-item=\"10000000\" data-button-text=\"Load More\">\t\n\t\t\t\t\t\t<div class=\"col-lg-4 gallery-item isotope-item mb-20 col-md-6\">\n\t\t\t\t<a href=\"https:\/\/webredox.net\/demo\/wp\/rixos\/wp-content\/uploads\/2025\/03\/12-1.jpg\" title=\"\" class=\"gallery-masonry-item-img-link  img-zoom\">\n\t\t\t\t\t<div class=\"gallery-box >\">\n\t\t\t\t\t\t<div class=\"gallery-img\"> \n\t\t\t\t\t\t\t<img decoding=\"async\" src=\"https:\/\/webredox.net\/demo\/wp\/rixos\/wp-content\/uploads\/2025\/03\/12-1.jpg \" alt=\"\"\/>\n\t\t\t\t\t\t<\/div>\n\t\t\t\t\t<\/div>\t\t\t\t\t\t\t\t\t\n\t\t\t\t<\/a>\n\t\t\t<\/div>\n\t\t\t\t\t\t<div class=\"col-lg-4 gallery-item isotope-item mb-20 col-md-6\">\n\t\t\t\t<a href=\"https:\/\/webredox.net\/demo\/wp\/rixos\/wp-content\/uploads\/2025\/03\/13.jpg\" title=\"\" class=\"gallery-masonry-item-img-link  img-zoom\">\n\t\t\t\t\t<div class=\"gallery-box >\">\n\t\t\t\t\t\t<div class=\"gallery-img\"> \n\t\t\t\t\t\t\t<img decoding=\"async\" src=\"https:\/\/webredox.net\/demo\/wp\/rixos\/wp-content\/uploads\/2025\/03\/13.jpg \" alt=\"\"\/>\n\t\t\t\t\t\t<\/div>\n\t\t\t\t\t<\/div>\t\t\t\t\t\t\t\t\t\n\t\t\t\t<\/a>\n\t\t\t<\/div>\n\t\t\t\t\t\t<div class=\"col-lg-4 gallery-item isotope-item mb-20 col-md-6\">\n\t\t\t\t<a href=\"https:\/\/webredox.net\/demo\/wp\/rixos\/wp-content\/uploads\/2025\/03\/16.jpg\" title=\"\" class=\"gallery-masonry-item-img-link  img-zoom\">\n\t\t\t\t\t<div class=\"gallery-box >\">\n\t\t\t\t\t\t<div class=\"gallery-img\"> \n\t\t\t\t\t\t\t<img decoding=\"async\" src=\"https:\/\/webredox.net\/demo\/wp\/rixos\/wp-content\/uploads\/2025\/03\/16.jpg \" alt=\"\"\/>\n\t\t\t\t\t\t<\/div>\n\t\t\t\t\t<\/div>\t\t\t\t\t\t\t\t\t\n\t\t\t\t<\/a>\n\t\t\t<\/div>\n\t\t\t\t\n\t\t<\/div>\t\t\n\t\t<\/div>\t\t\n\t\t        \t\t\t\t<\/div>\n\t\t\t\t<\/div>\n\t\t\t\t<\/div>\n\t\t\t\t\t<\/div>\n\t\t\t\t<\/div>\n\t\t<div class=\"elementor-element elementor-element-4091c95 e-flex e-con-boxed e-con e-parent\" data-id=\"4091c95\" data-element_type=\"container\" data-e-type=\"container\" data-settings=\"{&quot;background_background&quot;:&quot;classic&quot;}\">\n\t\t\t\t\t<div class=\"e-con-inner\">\n\t\t\t\t<div class=\"elementor-element elementor-element-9122f2d elementor-widget elementor-widget-rixos-sec-title\" data-id=\"9122f2d\" data-element_type=\"widget\" data-e-type=\"widget\" data-widget_type=\"rixos-sec-title.default\">\n\t\t\t\t<div class=\"elementor-widget-container\">\n\t\t\t\t\t\t\t<div class=\"clear\">\n\t\t\t\t\t\t            <h6 class=\"section-title black\">Our services<\/h6>\n\t\t\t        <\/div>\n\t\t\t\t\t\t<\/div>\n\t\t\t\t<\/div>\n\t\t<div class=\"elementor-element elementor-element-bf0666e e-con-full e-flex e-con e-child\" data-id=\"bf0666e\" data-element_type=\"container\" data-e-type=\"container\">\n\t\t<div class=\"elementor-element elementor-element-edd4f57 e-con-full e-flex e-con e-child\" data-id=\"edd4f57\" data-element_type=\"container\" data-e-type=\"container\">\n\t\t\t\t<div class=\"elementor-element elementor-element-2c8ccc0 elementor-widget elementor-widget-rixos-image-block\" data-id=\"2c8ccc0\" data-element_type=\"widget\" data-e-type=\"widget\" data-widget_type=\"rixos-image-block.default\">\n\t\t\t\t<div class=\"elementor-widget-container\">\n\t\t\t\t\t\t\t\t\t\t\t<div class=\"offers1\">\r\n\t\t\t<div class=\"item\">\r\n                <div class=\"img\"> <img decoding=\"async\" src=\"https:\/\/palaisbeitalnoor.com\/wp-content\/uploads\/2026\/02\/TERRASSE-1-EFFACER-CLIMATISEUR-scaled-e1770338393503.jpg\"  alt=\"\"> <\/div>\r\n                <div class=\"con\">\r\n\t\t\t\t\t\t\t\t\t\t<h5 class=\"title\"><a href=\"https:\/\/palaisbeitalnoor.com\/en\/culinary-experiences\/\">Culinary Experiences<\/a>\r\n\t\t\t\t\t\t\t\t\t\t<\/h5>\r\n\t\t\t\t\t\t\t\t\t\t\t\t\t\t\t<div class=\"arrow\"> \r\n\t\t\t\t\t\t<a href=\"https:\/\/palaisbeitalnoor.com\/en\/culinary-experiences\/\">\r\n\t\t\t\t\t\t\t\r\n\t\t\t\t\t\t<i class=\"fa-light fa-arrow-right\"><\/i>\r\n\t\t\t\t\t\t\t\t\t\t\t\t<\/a> \r\n\t\t\t\t\t<\/div>\r\n\t\t\t\t\t                <\/div>\r\n\t\t\t\t            <\/div>\r\n\t\t<\/div>\r\n                \t\t\t\t\t\t<\/div>\n\t\t\t\t<\/div>\n\t\t\t\t<\/div>\n\t\t<div class=\"elementor-element elementor-element-6acd663 e-con-full e-flex e-con e-child\" data-id=\"6acd663\" data-element_type=\"container\" data-e-type=\"container\">\n\t\t\t\t<div class=\"elementor-element elementor-element-926e5eb elementor-widget elementor-widget-rixos-image-block\" data-id=\"926e5eb\" data-element_type=\"widget\" data-e-type=\"widget\" data-widget_type=\"rixos-image-block.default\">\n\t\t\t\t<div class=\"elementor-widget-container\">\n\t\t\t\t\t\t\t\t\t\t\t<div class=\"offers1\">\r\n\t\t\t<div class=\"item\">\r\n                <div class=\"img\"> <img decoding=\"async\" src=\"https:\/\/palaisbeitalnoor.com\/wp-content\/uploads\/2026\/02\/Berber-2-scaled-e1770338502744.jpg\"  alt=\"\"> <\/div>\r\n                <div class=\"con\">\r\n\t\t\t\t\t\t\t\t\t\t<h5 class=\"title\"><a href=\"https:\/\/palaisbeitalnoor.com\/en\/rooftop-patios\/\">Patios &amp; Rooftop<\/a>\r\n\t\t\t\t\t\t\t\t\t\t<\/h5>\r\n\t\t\t\t\t\t\t\t\t\t\t\t\t\t\t<div class=\"arrow\"> \r\n\t\t\t\t\t\t<a href=\"https:\/\/palaisbeitalnoor.com\/en\/rooftop-patios\/\">\r\n\t\t\t\t\t\t\t\r\n\t\t\t\t\t\t<i class=\"fa-light fa-arrow-right\"><\/i>\r\n\t\t\t\t\t\t\t\t\t\t\t\t<\/a> \r\n\t\t\t\t\t<\/div>\r\n\t\t\t\t\t                <\/div>\r\n\t\t\t\t            <\/div>\r\n\t\t<\/div>\r\n                \t\t\t\t\t\t<\/div>\n\t\t\t\t<\/div>\n\t\t\t\t<\/div>\n\t\t<div class=\"elementor-element elementor-element-6da4bc7 e-con-full e-flex e-con e-child\" data-id=\"6da4bc7\" data-element_type=\"container\" data-e-type=\"container\">\n\t\t\t\t<div class=\"elementor-element elementor-element-baa7604 elementor-widget elementor-widget-rixos-image-block\" data-id=\"baa7604\" data-element_type=\"widget\" data-e-type=\"widget\" data-widget_type=\"rixos-image-block.default\">\n\t\t\t\t<div class=\"elementor-widget-container\">\n\t\t\t\t\t\t\t\t\t\t\t<div class=\"offers1\">\r\n\t\t\t<div class=\"item\">\r\n                <div class=\"img\"> <img decoding=\"async\" src=\"https:\/\/palaisbeitalnoor.com\/wp-content\/uploads\/2026\/03\/pexels-faruktokluoglu-13811606-scaled-e1771420491709.png\"  alt=\"\"> <\/div>\r\n                <div class=\"con\">\r\n\t\t\t\t\t\t\t\t\t\t<h5 class=\"title\"><a href=\"https:\/\/palaisbeitalnoor.com\/en\/concierge\/\">Concierge<\/a>\r\n\t\t\t\t\t\t\t\t\t\t<\/h5>\r\n\t\t\t\t\t\t\t\t\t\t\t\t\t\t\t<div class=\"arrow\"> \r\n\t\t\t\t\t\t<a href=\"https:\/\/palaisbeitalnoor.com\/en\/concierge\/\">\r\n\t\t\t\t\t\t\t\r\n\t\t\t\t\t\t<i class=\"fa-light fa-arrow-right\"><\/i>\r\n\t\t\t\t\t\t\t\t\t\t\t\t<\/a> \r\n\t\t\t\t\t<\/div>\r\n\t\t\t\t\t                <\/div>\r\n\t\t\t\t            <\/div>\r\n\t\t<\/div>\r\n                \t\t\t\t\t\t<\/div>\n\t\t\t\t<\/div>\n\t\t\t\t<\/div>\n\t\t<div class=\"elementor-element elementor-element-b92e731 e-con-full e-flex e-con e-child\" data-id=\"b92e731\" data-element_type=\"container\" data-e-type=\"container\">\n\t\t\t\t<div class=\"elementor-element elementor-element-8046630 elementor-widget elementor-widget-rixos-image-block\" data-id=\"8046630\" data-element_type=\"widget\" data-e-type=\"widget\" data-widget_type=\"rixos-image-block.default\">\n\t\t\t\t<div class=\"elementor-widget-container\">\n\t\t\t\t\t\t\t\t\t\t\t<div class=\"offers1\">\r\n\t\t\t<div class=\"item\">\r\n                <div class=\"img\"> <img decoding=\"async\" src=\"https:\/\/palaisbeitalnoor.com\/wp-content\/uploads\/2026\/02\/Berber-7-copy-.jpg\"  alt=\"\"> <\/div>\r\n                <div class=\"con\">\r\n\t\t\t\t\t\t\t\t\t\t<h5 class=\"title\"><a href=\"https:\/\/palaisbeitalnoor.com\/en\/privatization\/\">Privatization<\/a>\r\n\t\t\t\t\t\t\t\t\t\t<\/h5>\r\n\t\t\t\t\t\t\t\t\t\t\t\t\t\t\t<div class=\"arrow\"> \r\n\t\t\t\t\t\t<a href=\"https:\/\/palaisbeitalnoor.com\/en\/privatization\/\">\r\n\t\t\t\t\t\t\t\r\n\t\t\t\t\t\t<i class=\"fa-light fa-arrow-right\"><\/i>\r\n\t\t\t\t\t\t\t\t\t\t\t\t<\/a> \r\n\t\t\t\t\t<\/div>\r\n\t\t\t\t\t                <\/div>\r\n\t\t\t\t            <\/div>\r\n\t\t<\/div>\r\n                \t\t\t\t\t\t<\/div>\n\t\t\t\t<\/div>\n\t\t\t\t<\/div>\n\t\t\t\t<\/div>\n\t\t\t\t\t<\/div>\n\t\t\t\t<\/div>\n\t\t\t\t<\/div>","protected":false},"excerpt":{"rendered":"<p>Conciergerie Conciergerie du Palais Beit Al Noor Un service sur mesure pour votre s\u00e9jour \u00e0 Marrakech Au Palais Beit Al Noor, \u00e9tablissement intimiste \u00e0 Marrakech, chaque s\u00e9jour est pens\u00e9 dans les moindres d\u00e9tails. Notre service de conciergerie accompagne chaque h\u00f4te avant et pendant son s\u00e9jour, de l\u2019organisation de transferts priv\u00e9s, \u00e0 la r\u00e9servation d\u2019exp\u00e9riences locales exclusives, en passant par des<\/p>","protected":false},"author":1,"featured_media":0,"parent":0,"menu_order":0,"comment_status":"closed","ping_status":"closed","template":"","meta":{"footnotes":"","_links_to":"","_links_to_target":""},"class_list":["post-146","page","type-page","status-publish","hentry"],"yoast_head":"<!-- This site is optimized with the Yoast SEO plugin v27.1.1 - https:\/\/yoast.com\/product\/yoast-seo-wordpress\/ -->\n<title>Conciergerie - Palais Beit Al Noor<\/title>\n<meta name=\"description\" content=\"Au Palais Beit Al Noor, Riad intimiste \u00e0 Marrakech, chaque s\u00e9jour est pens\u00e9 dans les moindres d\u00e9tails.\" \/>\n<meta name=\"robots\" content=\"index, follow, max-snippet:-1, max-image-preview:large, max-video-preview:-1\" \/>\n<link rel=\"canonical\" href=\"https:\/\/palaisbeitalnoor.com\/en\/concierge\/\" \/>\n<meta property=\"og:locale\" content=\"en_US\" \/>\n<meta property=\"og:type\" content=\"article\" \/>\n<meta property=\"og:title\" content=\"Conciergerie - Palais Beit Al Noor\" \/>\n<meta property=\"og:description\" content=\"Au Palais Beit Al Noor, Riad intimiste \u00e0 Marrakech, chaque s\u00e9jour est pens\u00e9 dans les moindres d\u00e9tails.\" \/>\n<meta property=\"og:url\" content=\"https:\/\/palaisbeitalnoor.com\/en\/concierge\/\" \/>\n<meta property=\"og:site_name\" content=\"Palais Beit Al Noor\" \/>\n<meta property=\"article:modified_time\" content=\"2026-03-06T14:36:15+00:00\" \/>\n<meta property=\"og:image\" content=\"https:\/\/palaisbeitalnoor.com\/wp-content\/uploads\/2026\/02\/TERRASSE-1-EFFACER-CLIMATISEUR-scaled-e1770338393503.jpg\" \/>\n<meta name=\"twitter:card\" content=\"summary_large_image\" \/>\n<meta name=\"twitter:label1\" content=\"Est. reading time\" \/>\n\t<meta name=\"twitter:data1\" content=\"2 minutes\" \/>\n<script type=\"application\/ld+json\" class=\"yoast-schema-graph\">{\"@context\":\"https:\/\/schema.org\",\"@graph\":[{\"@type\":\"WebPage\",\"@id\":\"https:\/\/palaisbeitalnoor.com\/conciergerie\/\",\"url\":\"https:\/\/palaisbeitalnoor.com\/conciergerie\/\",\"name\":\"Conciergerie - Palais Beit Al Noor\",\"isPartOf\":{\"@id\":\"https:\/\/palaisbeitalnoor.com\/#website\"},\"primaryImageOfPage\":{\"@id\":\"https:\/\/palaisbeitalnoor.com\/conciergerie\/#primaryimage\"},\"image\":{\"@id\":\"https:\/\/palaisbeitalnoor.com\/conciergerie\/#primaryimage\"},\"thumbnailUrl\":\"https:\/\/palaisbeitalnoor.com\/wp-content\/uploads\/2026\/02\/TERRASSE-1-EFFACER-CLIMATISEUR-scaled-e1770338393503.jpg\",\"datePublished\":\"2025-03-26T17:28:01+00:00\",\"dateModified\":\"2026-03-06T14:36:15+00:00\",\"description\":\"Au Palais Beit Al Noor, Riad intimiste \u00e0 Marrakech, chaque s\u00e9jour est pens\u00e9 dans les moindres d\u00e9tails.\",\"breadcrumb\":{\"@id\":\"https:\/\/palaisbeitalnoor.com\/conciergerie\/#breadcrumb\"},\"inLanguage\":\"en-US\",\"potentialAction\":[{\"@type\":\"ReadAction\",\"target\":[\"https:\/\/palaisbeitalnoor.com\/conciergerie\/\"]}]},{\"@type\":\"ImageObject\",\"inLanguage\":\"en-US\",\"@id\":\"https:\/\/palaisbeitalnoor.com\/conciergerie\/#primaryimage\",\"url\":\"https:\/\/palaisbeitalnoor.com\/wp-content\/uploads\/2026\/02\/TERRASSE-1-EFFACER-CLIMATISEUR-scaled-e1770338393503.jpg\",\"contentUrl\":\"https:\/\/palaisbeitalnoor.com\/wp-content\/uploads\/2026\/02\/TERRASSE-1-EFFACER-CLIMATISEUR-scaled-e1770338393503.jpg\"},{\"@type\":\"BreadcrumbList\",\"@id\":\"https:\/\/palaisbeitalnoor.com\/conciergerie\/#breadcrumb\",\"itemListElement\":[{\"@type\":\"ListItem\",\"position\":1,\"name\":\"Accueil\",\"item\":\"https:\/\/palaisbeitalnoor.com\/\"},{\"@type\":\"ListItem\",\"position\":2,\"name\":\"Conciergerie\"}]},{\"@type\":\"WebSite\",\"@id\":\"https:\/\/palaisbeitalnoor.com\/#website\",\"url\":\"https:\/\/palaisbeitalnoor.com\/\",\"name\":\"Palais Beit Al Noor\",\"description\":\"La Maison de la Lumi\u00e8re\",\"potentialAction\":[{\"@type\":\"SearchAction\",\"target\":{\"@type\":\"EntryPoint\",\"urlTemplate\":\"https:\/\/palaisbeitalnoor.com\/?s={search_term_string}\"},\"query-input\":{\"@type\":\"PropertyValueSpecification\",\"valueRequired\":true,\"valueName\":\"search_term_string\"}}],\"inLanguage\":\"en-US\"}]}<\/script>\n<!-- \/ Yoast SEO plugin. -->","yoast_head_json":{"title":"Concierge Service - Beit Al Noor Palace","description":"At Palais Beit Al Noor, an intimate riad in Marrakech, every stay is planned down to the smallest detail.","robots":{"index":"index","follow":"follow","max-snippet":"max-snippet:-1","max-image-preview":"max-image-preview:large","max-video-preview":"max-video-preview:-1"},"canonical":"https:\/\/palaisbeitalnoor.com\/en\/concierge\/","og_locale":"en_US","og_type":"article","og_title":"Conciergerie - Palais Beit Al Noor","og_description":"Au Palais Beit Al Noor, Riad intimiste \u00e0 Marrakech, chaque s\u00e9jour est pens\u00e9 dans les moindres d\u00e9tails.","og_url":"https:\/\/palaisbeitalnoor.com\/en\/concierge\/","og_site_name":"Palais Beit Al Noor","article_modified_time":"2026-03-06T14:36:15+00:00","og_image":[{"url":"https:\/\/palaisbeitalnoor.com\/wp-content\/uploads\/2026\/02\/TERRASSE-1-EFFACER-CLIMATISEUR-scaled-e1770338393503.jpg","type":"","width":"","height":""}],"twitter_card":"summary_large_image","twitter_misc":{"Est. reading time":"2 minutes"},"schema":{"@context":"https:\/\/schema.org","@graph":[{"@type":"WebPage","@id":"https:\/\/palaisbeitalnoor.com\/conciergerie\/","url":"https:\/\/palaisbeitalnoor.com\/conciergerie\/","name":"Concierge Service - Beit Al Noor Palace","isPartOf":{"@id":"https:\/\/palaisbeitalnoor.com\/#website"},"primaryImageOfPage":{"@id":"https:\/\/palaisbeitalnoor.com\/conciergerie\/#primaryimage"},"image":{"@id":"https:\/\/palaisbeitalnoor.com\/conciergerie\/#primaryimage"},"thumbnailUrl":"https:\/\/palaisbeitalnoor.com\/wp-content\/uploads\/2026\/02\/TERRASSE-1-EFFACER-CLIMATISEUR-scaled-e1770338393503.jpg","datePublished":"2025-03-26T17:28:01+00:00","dateModified":"2026-03-06T14:36:15+00:00","description":"At Palais Beit Al Noor, an intimate riad in Marrakech, every stay is planned down to the smallest detail.","breadcrumb":{"@id":"https:\/\/palaisbeitalnoor.com\/conciergerie\/#breadcrumb"},"inLanguage":"en-US","potentialAction":[{"@type":"ReadAction","target":["https:\/\/palaisbeitalnoor.com\/conciergerie\/"]}]},{"@type":"ImageObject","inLanguage":"en-US","@id":"https:\/\/palaisbeitalnoor.com\/conciergerie\/#primaryimage","url":"https:\/\/palaisbeitalnoor.com\/wp-content\/uploads\/2026\/02\/TERRASSE-1-EFFACER-CLIMATISEUR-scaled-e1770338393503.jpg","contentUrl":"https:\/\/palaisbeitalnoor.com\/wp-content\/uploads\/2026\/02\/TERRASSE-1-EFFACER-CLIMATISEUR-scaled-e1770338393503.jpg"},{"@type":"BreadcrumbList","@id":"https:\/\/palaisbeitalnoor.com\/conciergerie\/#breadcrumb","itemListElement":[{"@type":"ListItem","position":1,"name":"Accueil","item":"https:\/\/palaisbeitalnoor.com\/"},{"@type":"ListItem","position":2,"name":"Conciergerie"}]},{"@type":"WebSite","@id":"https:\/\/palaisbeitalnoor.com\/#website","url":"https:\/\/palaisbeitalnoor.com\/","name":"Palais Beit Al Noor","description":"The House of Light","potentialAction":[{"@type":"SearchAction","target":{"@type":"EntryPoint","urlTemplate":"https:\/\/palaisbeitalnoor.com\/?s={search_term_string}"},"query-input":{"@type":"PropertyValueSpecification","valueRequired":true,"valueName":"search_term_string"}}],"inLanguage":"en-US"}]}},"_links":{"self":[{"href":"https:\/\/palaisbeitalnoor.com\/en\/wp-json\/wp\/v2\/pages\/146","targetHints":{"allow":["GET"]}}],"collection":[{"href":"https:\/\/palaisbeitalnoor.com\/en\/wp-json\/wp\/v2\/pages"}],"about":[{"href":"https:\/\/palaisbeitalnoor.com\/en\/wp-json\/wp\/v2\/types\/page"}],"author":[{"embeddable":true,"href":"https:\/\/palaisbeitalnoor.com\/en\/wp-json\/wp\/v2\/users\/1"}],"replies":[{"embeddable":true,"href":"https:\/\/palaisbeitalnoor.com\/en\/wp-json\/wp\/v2\/comments?post=146"}],"version-history":[{"count":23,"href":"https:\/\/palaisbeitalnoor.com\/en\/wp-json\/wp\/v2\/pages\/146\/revisions"}],"predecessor-version":[{"id":2388,"href":"https:\/\/palaisbeitalnoor.com\/en\/wp-json\/wp\/v2\/pages\/146\/revisions\/2388"}],"wp:attachment":[{"href":"https:\/\/palaisbeitalnoor.com\/en\/wp-json\/wp\/v2\/media?parent=146"}],"curies":[{"name":"wp","href":"https:\/\/api.w.org\/{rel}","templated":true}]}}