{"id":410,"date":"2025-03-28T17:14:28","date_gmt":"2025-03-28T17:14:28","guid":{"rendered":"https:\/\/webredox.net\/demo\/wp\/rixos\/?page_id=410"},"modified":"2026-03-06T14:38:53","modified_gmt":"2026-03-06T14:38:53","slug":"culinary-experiences","status":"publish","type":"page","link":"https:\/\/palaisbeitalnoor.com\/en\/restauration\/","title":{"rendered":"Culinary Experiences"},"content":{"rendered":"<div data-elementor-type=\"wp-page\" data-elementor-id=\"410\" class=\"elementor elementor-410\">\n\t\t\t\t<div class=\"elementor-element elementor-element-663acf06 e-con-full e-flex e-con e-parent\" data-id=\"663acf06\" data-element_type=\"container\" data-e-type=\"container\">\n\t\t\t\t<div class=\"elementor-element elementor-element-3bb9881 elementor-widget elementor-widget-rixos-banner-image\" data-id=\"3bb9881\" data-element_type=\"widget\" data-e-type=\"widget\" data-widget_type=\"rixos-banner-image.default\">\n\t\t\t\t<div class=\"elementor-widget-container\">\n\t\t\t\t\t\t\t\t\t<section class=\"parallax-header valign bg-img bg-img-d bg-fixed\" data-overlay-dark=\"4\" data-background=\"https:\/\/palaisbeitalnoor.com\/wp-content\/uploads\/2026\/02\/TERRASSE-4-2-scaled.jpg\">\n\t\t\t<div class=\"container\">\n\t\t\t\t<div class=\"row justify-content-start align-items-center\">\n\t\t\t\t\t<div class=\"col-lg-12 offset-md-0 col-md-12 rx-banner-text-align\">\n\t\t\t\t\t\t\t\t\t\t\t\t\t\t\t\t\t\t<h4 class=\"rx-header-banner-title\">Culinary Experiences<\/h4>\n\t\t\t\t\t\t\t\t\t\t\t\t\t\t\t\t\t\t\t\t\t\t\t\t\t\t\t\t\t<\/div>\n\t\t\t\t\t\t\t\t\t<\/div>\n\t\t\t<\/div>\n\t\t<\/section>\n\t\t\t\t\t\t\t\t<\/div>\n\t\t\t\t<\/div>\n\t\t\t\t<\/div>\n\t\t<div class=\"elementor-element elementor-element-6b12daf e-flex e-con-boxed e-con e-parent\" data-id=\"6b12daf\" data-element_type=\"container\" data-e-type=\"container\">\n\t\t\t\t\t<div class=\"e-con-inner\">\n\t\t\t\t<div class=\"elementor-element elementor-element-f5600e0 elementor-widget elementor-widget-rixos-sec-title\" data-id=\"f5600e0\" data-element_type=\"widget\" data-e-type=\"widget\" data-widget_type=\"rixos-sec-title.default\">\n\t\t\t\t<div class=\"elementor-widget-container\">\n\t\t\t\t\t\t\t<div class=\"clear\">\n\t\t\t\t\t\t            <h6 class=\"section-title black\">THE CULINARY EXPERIENCES AT PALAIS BEIT AL NOOR<\/h6>\n\t\t\t        <\/div>\n\t\t\t\t\t\t<\/div>\n\t\t\t\t<\/div>\n\t\t\t\t<div class=\"elementor-element elementor-element-8c0c44a elementor-widget elementor-widget-text-editor\" data-id=\"8c0c44a\" data-element_type=\"widget\" data-e-type=\"widget\" data-widget_type=\"text-editor.default\">\n\t\t\t\t\t\t\t\t\t<p>Savor, share special moments, and indulge in simple pleasures at the restaurant of Palais Beit Al Noor.<\/p><p>Reserved exclusively for guests, the restaurant offers generous, seasonal, home-style cuisine\u2014a true culinary bridge between Moroccan traditions and Lebanese influences. Each dish celebrates fresh produce, time-honored recipes, and the joy of sharing.<\/p><p class=\"translation-block\">Breakfast and meals are served on the rooftop of Palais Beit Al Noor, covered when temperatures drop, ensuring comfort and privacy throughout the day.<\/p><p>The open kitchen, releasing aromas of spices and bursts of life, contributes fully to the charm and soul of Palais Beit Al Noor, reinforcing the unique feeling of being welcomed into a private home in Marrakech rather than a hotel restaurant.<\/p>\t\t\t\t\t\t\t\t<\/div>\n\t\t\t\t<div class=\"elementor-element elementor-element-d336c66 elementor-widget elementor-widget-rixos-simple-title\" data-id=\"d336c66\" data-element_type=\"widget\" data-e-type=\"widget\" data-widget_type=\"rixos-simple-title.default\">\n\t\t\t\t<div class=\"elementor-widget-container\">\n\t\t\t\t\t\t\t<div class=\"clear bc-simple-title-wrapper page-details\">\n\t\t\t            <h6 class=\"bc-simple-title black\">Schedules<\/h6>\n\t\t\t\t\t<\/div>\n\t\t\t\t\t\t<\/div>\n\t\t\t\t<\/div>\n\t\t\t\t<div class=\"elementor-element elementor-element-ad8ee6f elementor-widget elementor-widget-rixos-list-icon\" data-id=\"ad8ee6f\" data-element_type=\"widget\" data-e-type=\"widget\" data-widget_type=\"rixos-list-icon.default\">\n\t\t\t\t<div class=\"elementor-widget-container\">\n\t\t\t\t\t\t\t<div class=\"clear\">\n\t\t<ul class=\"list-unstyled page-list\">\t\n\t\t\t\t\t\t\t<li>\n                    \t\t\t\t\t<div class=\"page-list-icon\"> \n\t\t\t\t\t\t\t\t\t\t<i class=\"ti-time\"><\/i>\n\t\t\t\t\t\t\t\t\t\t<\/div>\n\t\t\t\t\t                    <div class=\"page-list-text\">\n\t\t\t\t\t                        <p><a >Breakfast: 7:30am - 10:00am<\/a><\/p>\n                    <\/div>\n                <\/li>\n\t\t\t\t\t\t\t<li>\n                    \t\t\t\t\t<div class=\"page-list-icon\"> \n\t\t\t\t\t\t\t\t\t\t<i class=\"ti-time\"><\/i>\n\t\t\t\t\t\t\t\t\t\t<\/div>\n\t\t\t\t\t                    <div class=\"page-list-text\">\n\t\t\t\t\t                        <p><a >Lunch: 12:30 PM - 2:30 PM<\/a><\/p>\n                    <\/div>\n                <\/li>\n\t\t\t\t\t\t\t<li>\n                    \t\t\t\t\t<div class=\"page-list-icon\"> \n\t\t\t\t\t\t\t\t\t\t<i class=\"ti-time\"><\/i>\n\t\t\t\t\t\t\t\t\t\t<\/div>\n\t\t\t\t\t                    <div class=\"page-list-text\">\n\t\t\t\t\t                        <p><a >Dinner: 7:30 PM - 9:30 PM<\/a><\/p>\n                    <\/div>\n                <\/li>\n\t\t\t\t\t\t\t<li>\n                    \t\t\t\t\t<div class=\"page-list-icon\"> \n\t\t\t\t\t\t\t\t\t\t \n\t\t\t\t\t\t\t\t\t\t<\/div>\n\t\t\t\t\t                    <div class=\"page-list-text\">\n\t\t\t\t\t                        <p><a >To guarantee the quality and freshness of our products, meals are offered on reservation, at least 24 hours in advance.<\/a><\/p>\n                    <\/div>\n                <\/li>\n\t\t\t\t\t\n\t\t<\/ul>\n\t\t<\/div>\n\t\t\t\t\t\t<\/div>\n\t\t\t\t<\/div>\n\t\t\t\t\t<\/div>\n\t\t\t\t<\/div>\n\t\t<div class=\"elementor-element elementor-element-bf91390 e-con-full e-flex e-con e-parent\" data-id=\"bf91390\" data-element_type=\"container\" data-e-type=\"container\" data-settings=\"{&quot;background_background&quot;:&quot;classic&quot;}\">\n\t\t\t\t<div class=\"elementor-element elementor-element-fca8b04 elementor-widget elementor-widget-rixos-sec-title\" data-id=\"fca8b04\" data-element_type=\"widget\" data-e-type=\"widget\" data-widget_type=\"rixos-sec-title.default\">\n\t\t\t\t<div class=\"elementor-widget-container\">\n\t\t\t\t\t\t\t<div class=\"clear\">\n\t\t\t\t\t\t            <h6 class=\"section-title black\">The Restaurant in Pictures<\/h6>\n\t\t\t        <\/div>\n\t\t\t\t\t\t<\/div>\n\t\t\t\t<\/div>\n\t\t\t\t<div class=\"elementor-element elementor-element-4b52e80 elementor-widget elementor-widget-rixos-image-carousel\" data-id=\"4b52e80\" data-element_type=\"widget\" data-e-type=\"widget\" data-widget_type=\"rixos-image-carousel.default\">\n\t\t\t\t<div class=\"elementor-widget-container\">\n\t\t\t\t\t\t\t\r\n\t\t<div class=\"galleryscroll\">\r\n\t\t\t<div class=\"owl-carousel owl-theme\" data-carousel-autoplay=\"true\" data-carousel-speed=\"1000\" data-carousel-timeout=\"5000\" data-carousel-nav=\"false\" data-rtl=\"false\" data-carousel-dots-mobile=\"false\" data-carousel-dots=\"false\" data-carousel-columns=\"3\">\r\n\t\t\t\t\t\t\t\t<div class=\"item\">\r\n                    <a href=\"https:\/\/palaisbeitalnoor.com\/wp-content\/uploads\/2026\/02\/TERRASSE-3-retouchee-scaled.jpg\" title=\"\" class=\"gallery-masonry-item-img-link img-zoom\">\r\n                        <div class=\"img\"> <img decoding=\"async\" src=\"https:\/\/palaisbeitalnoor.com\/wp-content\/uploads\/2026\/02\/TERRASSE-3-retouchee-scaled.jpg\" class=\"img-fluid mx-auto d-block\" alt=\"\"> <\/div>\r\n                    <\/a>\r\n                <\/div>\r\n\t\t\t\t\t\t\t\t<div class=\"item\">\r\n                    <a href=\"https:\/\/palaisbeitalnoor.com\/wp-content\/uploads\/2026\/02\/TERRASSE-2-retouchee-scaled.jpg\" title=\"\" class=\"gallery-masonry-item-img-link img-zoom\">\r\n                        <div class=\"img\"> <img decoding=\"async\" src=\"https:\/\/palaisbeitalnoor.com\/wp-content\/uploads\/2026\/02\/TERRASSE-2-retouchee-scaled.jpg\" class=\"img-fluid mx-auto d-block\" alt=\"\"> <\/div>\r\n                    <\/a>\r\n                <\/div>\r\n\t\t\t\t\t\t\t\t<div class=\"item\">\r\n                    <a href=\"https:\/\/palaisbeitalnoor.com\/wp-content\/uploads\/2026\/02\/Terrrasse-1-retouchee-scaled.jpg\" title=\"\" class=\"gallery-masonry-item-img-link img-zoom\">\r\n                        <div class=\"img\"> <img decoding=\"async\" src=\"https:\/\/palaisbeitalnoor.com\/wp-content\/uploads\/2026\/02\/Terrrasse-1-retouchee-scaled.jpg\" class=\"img-fluid mx-auto d-block\" alt=\"\"> <\/div>\r\n                    <\/a>\r\n                <\/div>\r\n\t\t\t\t\t\t\t\t<div class=\"item\">\r\n                    <a href=\"https:\/\/palaisbeitalnoor.com\/wp-content\/uploads\/2026\/02\/TERRASSE-4-2-scaled.jpg\" title=\"\" class=\"gallery-masonry-item-img-link img-zoom\">\r\n                        <div class=\"img\"> <img decoding=\"async\" src=\"https:\/\/palaisbeitalnoor.com\/wp-content\/uploads\/2026\/02\/TERRASSE-4-2-scaled.jpg\" class=\"img-fluid mx-auto d-block\" alt=\"\"> <\/div>\r\n                    <\/a>\r\n                <\/div>\r\n\t\t\t\t\t\t\t<\/div>\r\n        <\/div>\r\n        \t\t\t\t<\/div>\n\t\t\t\t<\/div>\n\t\t\t\t<\/div>\n\t\t\t\t<\/div>","protected":false},"excerpt":{"rendered":"<p>La Restauration La RESTAURATION DU PALAIS BEIT AL NOOR Savourez, partagez des moments complices et laissez-vous aller au plaisir, en toute simplicit\u00e9, au restaurant du Palais Beit Al Noor. R\u00e9serv\u00e9 exclusivement aux h\u00f4tes, le restaurant propose une cuisine familiale, g\u00e9n\u00e9reuse et de saison, v\u00e9ritable passerelle gourmande entre traditions marocaines et inspirations libanaises. Chaque plat c\u00e9l\u00e8bre les produits frais, les recettes<\/p>","protected":false},"author":1,"featured_media":0,"parent":0,"menu_order":0,"comment_status":"closed","ping_status":"closed","template":"","meta":{"footnotes":"","_links_to":"","_links_to_target":""},"class_list":["post-410","page","type-page","status-publish","hentry"],"yoast_head":"<!-- This site is optimized with the Yoast SEO plugin v27.1.1 - https:\/\/yoast.com\/product\/yoast-seo-wordpress\/ -->\n<title>Restauration - Palais Beit Al Noor<\/title>\n<meta name=\"description\" content=\"Savourez, partagez des moments complices et laissez-vous aller au plaisir, en toute simplicit\u00e9, au restaurant du Riad Palais Beit Al Noor.\" \/>\n<meta name=\"robots\" content=\"index, follow, max-snippet:-1, max-image-preview:large, max-video-preview:-1\" \/>\n<link rel=\"canonical\" href=\"https:\/\/palaisbeitalnoor.com\/en\/culinary-experiences\/\" \/>\n<meta property=\"og:locale\" content=\"en_US\" \/>\n<meta property=\"og:type\" content=\"article\" \/>\n<meta property=\"og:title\" content=\"Restauration - Palais Beit Al Noor\" \/>\n<meta property=\"og:description\" content=\"Savourez, partagez des moments complices et laissez-vous aller au plaisir, en toute simplicit\u00e9, au restaurant du Riad Palais Beit Al Noor.\" \/>\n<meta property=\"og:url\" content=\"https:\/\/palaisbeitalnoor.com\/en\/culinary-experiences\/\" \/>\n<meta property=\"og:site_name\" content=\"Palais Beit Al Noor\" \/>\n<meta property=\"article:modified_time\" content=\"2026-03-06T14:38:53+00:00\" \/>\n<meta property=\"og:image\" content=\"https:\/\/palaisbeitalnoor.com\/wp-content\/uploads\/2026\/02\/TERRASSE-3-retouchee-scaled.jpg\" \/>\n<meta name=\"twitter:card\" content=\"summary_large_image\" \/>\n<meta name=\"twitter:label1\" content=\"Est. reading time\" \/>\n\t<meta name=\"twitter:data1\" content=\"2 minutes\" \/>\n<script type=\"application\/ld+json\" class=\"yoast-schema-graph\">{\"@context\":\"https:\/\/schema.org\",\"@graph\":[{\"@type\":\"WebPage\",\"@id\":\"https:\/\/palaisbeitalnoor.com\/restauration\/\",\"url\":\"https:\/\/palaisbeitalnoor.com\/restauration\/\",\"name\":\"Restauration - Palais Beit Al Noor\",\"isPartOf\":{\"@id\":\"https:\/\/palaisbeitalnoor.com\/#website\"},\"primaryImageOfPage\":{\"@id\":\"https:\/\/palaisbeitalnoor.com\/restauration\/#primaryimage\"},\"image\":{\"@id\":\"https:\/\/palaisbeitalnoor.com\/restauration\/#primaryimage\"},\"thumbnailUrl\":\"https:\/\/palaisbeitalnoor.com\/wp-content\/uploads\/2026\/02\/TERRASSE-3-retouchee-scaled.jpg\",\"datePublished\":\"2025-03-28T17:14:28+00:00\",\"dateModified\":\"2026-03-06T14:38:53+00:00\",\"description\":\"Savourez, partagez des moments complices et laissez-vous aller au plaisir, en toute simplicit\u00e9, au restaurant du Riad Palais Beit Al Noor.\",\"breadcrumb\":{\"@id\":\"https:\/\/palaisbeitalnoor.com\/restauration\/#breadcrumb\"},\"inLanguage\":\"en-US\",\"potentialAction\":[{\"@type\":\"ReadAction\",\"target\":[\"https:\/\/palaisbeitalnoor.com\/restauration\/\"]}]},{\"@type\":\"ImageObject\",\"inLanguage\":\"en-US\",\"@id\":\"https:\/\/palaisbeitalnoor.com\/restauration\/#primaryimage\",\"url\":\"https:\/\/palaisbeitalnoor.com\/wp-content\/uploads\/2026\/02\/TERRASSE-3-retouchee-scaled.jpg\",\"contentUrl\":\"https:\/\/palaisbeitalnoor.com\/wp-content\/uploads\/2026\/02\/TERRASSE-3-retouchee-scaled.jpg\"},{\"@type\":\"BreadcrumbList\",\"@id\":\"https:\/\/palaisbeitalnoor.com\/restauration\/#breadcrumb\",\"itemListElement\":[{\"@type\":\"ListItem\",\"position\":1,\"name\":\"Accueil\",\"item\":\"https:\/\/palaisbeitalnoor.com\/\"},{\"@type\":\"ListItem\",\"position\":2,\"name\":\"Restauration\"}]},{\"@type\":\"WebSite\",\"@id\":\"https:\/\/palaisbeitalnoor.com\/#website\",\"url\":\"https:\/\/palaisbeitalnoor.com\/\",\"name\":\"Palais Beit Al Noor\",\"description\":\"La Maison de la Lumi\u00e8re\",\"potentialAction\":[{\"@type\":\"SearchAction\",\"target\":{\"@type\":\"EntryPoint\",\"urlTemplate\":\"https:\/\/palaisbeitalnoor.com\/?s={search_term_string}\"},\"query-input\":{\"@type\":\"PropertyValueSpecification\",\"valueRequired\":true,\"valueName\":\"search_term_string\"}}],\"inLanguage\":\"en-US\"}]}<\/script>\n<!-- \/ Yoast SEO plugin. -->","yoast_head_json":{"title":"Restoration - Beit Al Noor Palace","description":"Savor, share special moments and indulge in pleasure, in all simplicity, at the Riad Palais Beit Al Noor restaurant.","robots":{"index":"index","follow":"follow","max-snippet":"max-snippet:-1","max-image-preview":"max-image-preview:large","max-video-preview":"max-video-preview:-1"},"canonical":"https:\/\/palaisbeitalnoor.com\/en\/culinary-experiences\/","og_locale":"en_US","og_type":"article","og_title":"Restauration - Palais Beit Al Noor","og_description":"Savourez, partagez des moments complices et laissez-vous aller au plaisir, en toute simplicit\u00e9, au restaurant du Riad Palais Beit Al Noor.","og_url":"https:\/\/palaisbeitalnoor.com\/en\/culinary-experiences\/","og_site_name":"Palais Beit Al Noor","article_modified_time":"2026-03-06T14:38:53+00:00","og_image":[{"url":"https:\/\/palaisbeitalnoor.com\/wp-content\/uploads\/2026\/02\/TERRASSE-3-retouchee-scaled.jpg","type":"","width":"","height":""}],"twitter_card":"summary_large_image","twitter_misc":{"Est. reading time":"2 minutes"},"schema":{"@context":"https:\/\/schema.org","@graph":[{"@type":"WebPage","@id":"https:\/\/palaisbeitalnoor.com\/restauration\/","url":"https:\/\/palaisbeitalnoor.com\/restauration\/","name":"Restoration - Beit Al Noor Palace","isPartOf":{"@id":"https:\/\/palaisbeitalnoor.com\/#website"},"primaryImageOfPage":{"@id":"https:\/\/palaisbeitalnoor.com\/restauration\/#primaryimage"},"image":{"@id":"https:\/\/palaisbeitalnoor.com\/restauration\/#primaryimage"},"thumbnailUrl":"https:\/\/palaisbeitalnoor.com\/wp-content\/uploads\/2026\/02\/TERRASSE-3-retouchee-scaled.jpg","datePublished":"2025-03-28T17:14:28+00:00","dateModified":"2026-03-06T14:38:53+00:00","description":"Savor, share special moments and indulge in pleasure, in all simplicity, at the Riad Palais Beit Al Noor restaurant.","breadcrumb":{"@id":"https:\/\/palaisbeitalnoor.com\/restauration\/#breadcrumb"},"inLanguage":"en-US","potentialAction":[{"@type":"ReadAction","target":["https:\/\/palaisbeitalnoor.com\/restauration\/"]}]},{"@type":"ImageObject","inLanguage":"en-US","@id":"https:\/\/palaisbeitalnoor.com\/restauration\/#primaryimage","url":"https:\/\/palaisbeitalnoor.com\/wp-content\/uploads\/2026\/02\/TERRASSE-3-retouchee-scaled.jpg","contentUrl":"https:\/\/palaisbeitalnoor.com\/wp-content\/uploads\/2026\/02\/TERRASSE-3-retouchee-scaled.jpg"},{"@type":"BreadcrumbList","@id":"https:\/\/palaisbeitalnoor.com\/restauration\/#breadcrumb","itemListElement":[{"@type":"ListItem","position":1,"name":"Accueil","item":"https:\/\/palaisbeitalnoor.com\/"},{"@type":"ListItem","position":2,"name":"Restauration"}]},{"@type":"WebSite","@id":"https:\/\/palaisbeitalnoor.com\/#website","url":"https:\/\/palaisbeitalnoor.com\/","name":"Palais Beit Al Noor","description":"The House of Light","potentialAction":[{"@type":"SearchAction","target":{"@type":"EntryPoint","urlTemplate":"https:\/\/palaisbeitalnoor.com\/?s={search_term_string}"},"query-input":{"@type":"PropertyValueSpecification","valueRequired":true,"valueName":"search_term_string"}}],"inLanguage":"en-US"}]}},"_links":{"self":[{"href":"https:\/\/palaisbeitalnoor.com\/en\/wp-json\/wp\/v2\/pages\/410","targetHints":{"allow":["GET"]}}],"collection":[{"href":"https:\/\/palaisbeitalnoor.com\/en\/wp-json\/wp\/v2\/pages"}],"about":[{"href":"https:\/\/palaisbeitalnoor.com\/en\/wp-json\/wp\/v2\/types\/page"}],"author":[{"embeddable":true,"href":"https:\/\/palaisbeitalnoor.com\/en\/wp-json\/wp\/v2\/users\/1"}],"replies":[{"embeddable":true,"href":"https:\/\/palaisbeitalnoor.com\/en\/wp-json\/wp\/v2\/comments?post=410"}],"version-history":[{"count":19,"href":"https:\/\/palaisbeitalnoor.com\/en\/wp-json\/wp\/v2\/pages\/410\/revisions"}],"predecessor-version":[{"id":2392,"href":"https:\/\/palaisbeitalnoor.com\/en\/wp-json\/wp\/v2\/pages\/410\/revisions\/2392"}],"wp:attachment":[{"href":"https:\/\/palaisbeitalnoor.com\/en\/wp-json\/wp\/v2\/media?parent=410"}],"curies":[{"name":"wp","href":"https:\/\/api.w.org\/{rel}","templated":true}]}}