{"id":469,"date":"2025-03-28T17:59:14","date_gmt":"2025-03-28T17:59:14","guid":{"rendered":"https:\/\/webredox.net\/demo\/wp\/rixos\/?page_id=469"},"modified":"2026-03-06T14:38:22","modified_gmt":"2026-03-06T14:38:22","slug":"privatization","status":"publish","type":"page","link":"https:\/\/palaisbeitalnoor.com\/en\/privatisation\/","title":{"rendered":"Privatization"},"content":{"rendered":"<div data-elementor-type=\"wp-page\" data-elementor-id=\"469\" class=\"elementor elementor-469\">\n\t\t\t\t<div class=\"elementor-element elementor-element-18ae11b e-con-full e-flex e-con e-parent\" data-id=\"18ae11b\" data-element_type=\"container\" data-e-type=\"container\">\n\t\t\t\t<div class=\"elementor-element elementor-element-c554392 elementor-widget elementor-widget-rixos-banner-image\" data-id=\"c554392\" data-element_type=\"widget\" data-e-type=\"widget\" data-widget_type=\"rixos-banner-image.default\">\n\t\t\t\t<div class=\"elementor-widget-container\">\n\t\t\t\t\t\t\t\t\t<section class=\"parallax-header valign bg-img bg-img-d bg-fixed\" data-overlay-dark=\"4\" data-background=\"https:\/\/palaisbeitalnoor.com\/wp-content\/uploads\/2026\/02\/Berber-7-1-1-scaled.jpg\">\n\t\t\t<div class=\"container\">\n\t\t\t\t<div class=\"row justify-content-start align-items-center\">\n\t\t\t\t\t<div class=\"col-lg-12 offset-md-0 col-md-12 rx-banner-text-align\">\n\t\t\t\t\t\t\t\t\t\t\t\t\t\t\t\t\t\t<h4 class=\"rx-header-banner-title\">Privatization<\/h4>\n\t\t\t\t\t\t\t\t\t\t\t\t\t\t\t\t\t\t\t\t\t\t\t\t\t\t\t\t\t<\/div>\n\t\t\t\t\t\t\t\t\t<\/div>\n\t\t\t<\/div>\n\t\t<\/section>\n\t\t\t\t\t\t\t\t<\/div>\n\t\t\t\t<\/div>\n\t\t\t\t<\/div>\n\t\t<div class=\"elementor-element elementor-element-7077da5 e-flex e-con-boxed e-con e-parent\" data-id=\"7077da5\" data-element_type=\"container\" data-e-type=\"container\">\n\t\t\t\t\t<div class=\"e-con-inner\">\n\t\t<div class=\"elementor-element elementor-element-8ec311a e-con-full e-flex e-con e-child\" data-id=\"8ec311a\" data-element_type=\"container\" data-e-type=\"container\">\n\t\t\t\t<div class=\"elementor-element elementor-element-b5cc805 elementor-widget elementor-widget-rixos-sec-title\" data-id=\"b5cc805\" data-element_type=\"widget\" data-e-type=\"widget\" data-widget_type=\"rixos-sec-title.default\">\n\t\t\t\t<div class=\"elementor-widget-container\">\n\t\t\t\t\t\t\t<div class=\"clear\">\n\t\t\t\t\t\t            <h6 class=\"section-title black\">Privatization of Palais Beit Al Noor <\/h6>\n\t\t\t        <\/div>\n\t\t\t\t\t\t<\/div>\n\t\t\t\t<\/div>\n\t\t\t\t<div class=\"elementor-element elementor-element-bffacd1 elementor-widget elementor-widget-text-editor\" data-id=\"bffacd1\" data-element_type=\"widget\" data-e-type=\"widget\" data-widget_type=\"text-editor.default\">\n\t\t\t\t\t\t\t\t\t<p><strong>Your Private Palace in the Heart of Marrakech\u2019s Medina<\/strong><\/p><p>During your stay in Marrakech, Palais Beit Al Noor becomes your private home.<\/p><p>A confidential address to share with close friends, offering an atmosphere that is both welcoming and refined.<\/p><p>Designed for exclusive stays, private celebrations, or tailor-made retreats, the palace offers full access to its spaces and services dedicated to your comfort: personalized concierge, on-request catering, reception areas, patios, and terraces.<\/p><p>Privatizing Palais Beit Al Noor in Marrakech provides a unique experience, combining freedom, discretion, and the art of living, right in the heart of one of the world\u2019s most beautiful medinas.<\/p>\t\t\t\t\t\t\t\t<\/div>\n\t\t\t\t<\/div>\n\t\t\t\t\t<\/div>\n\t\t\t\t<\/div>\n\t\t<div class=\"elementor-element elementor-element-1ec066a e-flex e-con-boxed e-con e-parent\" data-id=\"1ec066a\" data-element_type=\"container\" data-e-type=\"container\" data-settings=\"{&quot;background_background&quot;:&quot;classic&quot;}\">\n\t\t\t\t\t<div class=\"e-con-inner\">\n\t\t\t\t<div class=\"elementor-element elementor-element-50af4d3 elementor-widget elementor-widget-rixos-sec-title\" data-id=\"50af4d3\" data-element_type=\"widget\" data-e-type=\"widget\" data-widget_type=\"rixos-sec-title.default\">\n\t\t\t\t<div class=\"elementor-widget-container\">\n\t\t\t\t\t\t\t<div class=\"clear\">\n\t\t\t\t\t\t            <h6 class=\"section-title black\">Our services<\/h6>\n\t\t\t        <\/div>\n\t\t\t\t\t\t<\/div>\n\t\t\t\t<\/div>\n\t\t<div class=\"elementor-element elementor-element-4a5eaf8 e-con-full e-flex e-con e-child\" data-id=\"4a5eaf8\" data-element_type=\"container\" data-e-type=\"container\">\n\t\t<div class=\"elementor-element elementor-element-9092c6a e-con-full e-flex e-con e-child\" data-id=\"9092c6a\" data-element_type=\"container\" data-e-type=\"container\">\n\t\t\t\t<div class=\"elementor-element elementor-element-017d845 elementor-widget elementor-widget-rixos-image-block\" data-id=\"017d845\" data-element_type=\"widget\" data-e-type=\"widget\" data-widget_type=\"rixos-image-block.default\">\n\t\t\t\t<div class=\"elementor-widget-container\">\n\t\t\t\t\t\t\t\t\t\t\t<div class=\"offers1\">\r\n\t\t\t<div class=\"item\">\r\n                <div class=\"img\"> <img decoding=\"async\" src=\"https:\/\/palaisbeitalnoor.com\/wp-content\/uploads\/2026\/02\/TERRASSE-1-EFFACER-CLIMATISEUR-scaled-e1770338393503.jpg\"  alt=\"\"> <\/div>\r\n                <div class=\"con\">\r\n\t\t\t\t\t\t\t\t\t\t<h5 class=\"title\"><a href=\"https:\/\/palaisbeitalnoor.com\/en\/culinary-experiences\/\">Culinary Experiences<\/a>\r\n\t\t\t\t\t\t\t\t\t\t<\/h5>\r\n\t\t\t\t\t\t\t\t\t\t\t\t\t\t\t<div class=\"arrow\"> \r\n\t\t\t\t\t\t<a href=\"https:\/\/palaisbeitalnoor.com\/en\/culinary-experiences\/\">\r\n\t\t\t\t\t\t\t\r\n\t\t\t\t\t\t<i class=\"fa-light fa-arrow-right\"><\/i>\r\n\t\t\t\t\t\t\t\t\t\t\t\t<\/a> \r\n\t\t\t\t\t<\/div>\r\n\t\t\t\t\t                <\/div>\r\n\t\t\t\t            <\/div>\r\n\t\t<\/div>\r\n                \t\t\t\t\t\t<\/div>\n\t\t\t\t<\/div>\n\t\t\t\t<\/div>\n\t\t<div class=\"elementor-element elementor-element-e68bf50 e-con-full e-flex e-con e-child\" data-id=\"e68bf50\" data-element_type=\"container\" data-e-type=\"container\">\n\t\t\t\t<div class=\"elementor-element elementor-element-5f19d0e elementor-widget elementor-widget-rixos-image-block\" data-id=\"5f19d0e\" data-element_type=\"widget\" data-e-type=\"widget\" data-widget_type=\"rixos-image-block.default\">\n\t\t\t\t<div class=\"elementor-widget-container\">\n\t\t\t\t\t\t\t\t\t\t\t<div class=\"offers1\">\r\n\t\t\t<div class=\"item\">\r\n                <div class=\"img\"> <img decoding=\"async\" src=\"https:\/\/palaisbeitalnoor.com\/wp-content\/uploads\/2026\/02\/Berber-2-scaled-e1770338502744.jpg\"  alt=\"\"> <\/div>\r\n                <div class=\"con\">\r\n\t\t\t\t\t\t\t\t\t\t<h5 class=\"title\"><a href=\"https:\/\/palaisbeitalnoor.com\/en\/rooftop-patios\/\">Patios &amp; Rooftop<\/a>\r\n\t\t\t\t\t\t\t\t\t\t<\/h5>\r\n\t\t\t\t\t\t\t\t\t\t\t\t\t\t\t<div class=\"arrow\"> \r\n\t\t\t\t\t\t<a href=\"https:\/\/palaisbeitalnoor.com\/en\/rooftop-patios\/\">\r\n\t\t\t\t\t\t\t\r\n\t\t\t\t\t\t<i class=\"fa-light fa-arrow-right\"><\/i>\r\n\t\t\t\t\t\t\t\t\t\t\t\t<\/a> \r\n\t\t\t\t\t<\/div>\r\n\t\t\t\t\t                <\/div>\r\n\t\t\t\t            <\/div>\r\n\t\t<\/div>\r\n                \t\t\t\t\t\t<\/div>\n\t\t\t\t<\/div>\n\t\t\t\t<\/div>\n\t\t<div class=\"elementor-element elementor-element-7f81dbe e-con-full e-flex e-con e-child\" data-id=\"7f81dbe\" data-element_type=\"container\" data-e-type=\"container\">\n\t\t\t\t<div class=\"elementor-element elementor-element-4bcf45a elementor-widget elementor-widget-rixos-image-block\" data-id=\"4bcf45a\" data-element_type=\"widget\" data-e-type=\"widget\" data-widget_type=\"rixos-image-block.default\">\n\t\t\t\t<div class=\"elementor-widget-container\">\n\t\t\t\t\t\t\t\t\t\t\t<div class=\"offers1\">\r\n\t\t\t<div class=\"item\">\r\n                <div class=\"img\"> <img decoding=\"async\" src=\"https:\/\/palaisbeitalnoor.com\/wp-content\/uploads\/2026\/03\/pexels-faruktokluoglu-13811606-scaled-e1771420491709.png\"  alt=\"\"> <\/div>\r\n                <div class=\"con\">\r\n\t\t\t\t\t\t\t\t\t\t<h5 class=\"title\"><a href=\"https:\/\/palaisbeitalnoor.com\/en\/concierge\/\">Concierge<\/a>\r\n\t\t\t\t\t\t\t\t\t\t<\/h5>\r\n\t\t\t\t\t\t\t\t\t\t\t\t\t\t\t<div class=\"arrow\"> \r\n\t\t\t\t\t\t<a href=\"https:\/\/palaisbeitalnoor.com\/en\/concierge\/\">\r\n\t\t\t\t\t\t\t\r\n\t\t\t\t\t\t<i class=\"fa-light fa-arrow-right\"><\/i>\r\n\t\t\t\t\t\t\t\t\t\t\t\t<\/a> \r\n\t\t\t\t\t<\/div>\r\n\t\t\t\t\t                <\/div>\r\n\t\t\t\t            <\/div>\r\n\t\t<\/div>\r\n                \t\t\t\t\t\t<\/div>\n\t\t\t\t<\/div>\n\t\t\t\t<\/div>\n\t\t<div class=\"elementor-element elementor-element-33255cf e-con-full e-flex e-con e-child\" data-id=\"33255cf\" data-element_type=\"container\" data-e-type=\"container\">\n\t\t\t\t<div class=\"elementor-element elementor-element-82b448b elementor-widget elementor-widget-rixos-image-block\" data-id=\"82b448b\" data-element_type=\"widget\" data-e-type=\"widget\" data-widget_type=\"rixos-image-block.default\">\n\t\t\t\t<div class=\"elementor-widget-container\">\n\t\t\t\t\t\t\t\t\t\t\t<div class=\"offers1\">\r\n\t\t\t<div class=\"item\">\r\n                <div class=\"img\"> <img decoding=\"async\" src=\"https:\/\/palaisbeitalnoor.com\/wp-content\/uploads\/2026\/02\/Berber-7-copy-.jpg\"  alt=\"\"> <\/div>\r\n                <div class=\"con\">\r\n\t\t\t\t\t\t\t\t\t\t<h5 class=\"title\"><a href=\"https:\/\/palaisbeitalnoor.com\/en\/privatization\/\">Privatization<\/a>\r\n\t\t\t\t\t\t\t\t\t\t<\/h5>\r\n\t\t\t\t\t\t\t\t\t\t\t\t\t\t\t<div class=\"arrow\"> \r\n\t\t\t\t\t\t<a href=\"https:\/\/palaisbeitalnoor.com\/en\/privatization\/\">\r\n\t\t\t\t\t\t\t\r\n\t\t\t\t\t\t<i class=\"fa-light fa-arrow-right\"><\/i>\r\n\t\t\t\t\t\t\t\t\t\t\t\t<\/a> \r\n\t\t\t\t\t<\/div>\r\n\t\t\t\t\t                <\/div>\r\n\t\t\t\t            <\/div>\r\n\t\t<\/div>\r\n                \t\t\t\t\t\t<\/div>\n\t\t\t\t<\/div>\n\t\t\t\t<\/div>\n\t\t\t\t<\/div>\n\t\t\t\t\t<\/div>\n\t\t\t\t<\/div>\n\t\t\t\t<\/div>","protected":false},"excerpt":{"rendered":"<p>Privatisation Privatisation du Palais Beit Al Noor Votre palais priv\u00e9 au c\u0153ur de la m\u00e9dina de Marrakech Le temps de votre s\u00e9jour \u00e0 Marrakech, le Palais Beit Al Noor devient votre maison priv\u00e9e. Une adresse confidentielle \u00e0 partager entre proches, dans une atmosph\u00e8re \u00e0 la fois conviviale et raffin\u00e9e. Pens\u00e9 pour accueillir des s\u00e9jours exclusifs, des c\u00e9l\u00e9brations confidentielles ou des<\/p>","protected":false},"author":1,"featured_media":0,"parent":0,"menu_order":0,"comment_status":"closed","ping_status":"closed","template":"","meta":{"footnotes":"","_links_to":"","_links_to_target":""},"class_list":["post-469","page","type-page","status-publish","hentry"],"yoast_head":"<!-- This site is optimized with the Yoast SEO plugin v27.1.1 - https:\/\/yoast.com\/product\/yoast-seo-wordpress\/ -->\n<title>Privatisation - Palais Beit Al Noor<\/title>\n<meta name=\"description\" content=\"Le temps de votre s\u00e9jour \u00e0 Marrakech, le Riad Palais Beit Al Noor devient votre maison priv\u00e9e.\" \/>\n<meta name=\"robots\" content=\"index, follow, max-snippet:-1, max-image-preview:large, max-video-preview:-1\" \/>\n<link rel=\"canonical\" href=\"https:\/\/palaisbeitalnoor.com\/en\/privatization\/\" \/>\n<meta property=\"og:locale\" content=\"en_US\" \/>\n<meta property=\"og:type\" content=\"article\" \/>\n<meta property=\"og:title\" content=\"Privatisation - Palais Beit Al Noor\" \/>\n<meta property=\"og:description\" content=\"Le temps de votre s\u00e9jour \u00e0 Marrakech, le Riad Palais Beit Al Noor devient votre maison priv\u00e9e.\" \/>\n<meta property=\"og:url\" content=\"https:\/\/palaisbeitalnoor.com\/en\/privatization\/\" \/>\n<meta property=\"og:site_name\" content=\"Palais Beit Al Noor\" \/>\n<meta property=\"article:modified_time\" content=\"2026-03-06T14:38:22+00:00\" \/>\n<meta property=\"og:image\" content=\"https:\/\/palaisbeitalnoor.com\/wp-content\/uploads\/2026\/02\/TERRASSE-1-EFFACER-CLIMATISEUR-scaled-e1770338393503.jpg\" \/>\n<meta name=\"twitter:card\" content=\"summary_large_image\" \/>\n<meta name=\"twitter:label1\" content=\"Est. reading time\" \/>\n\t<meta name=\"twitter:data1\" content=\"2 minutes\" \/>\n<script type=\"application\/ld+json\" class=\"yoast-schema-graph\">{\"@context\":\"https:\/\/schema.org\",\"@graph\":[{\"@type\":\"WebPage\",\"@id\":\"https:\/\/palaisbeitalnoor.com\/privatisation\/\",\"url\":\"https:\/\/palaisbeitalnoor.com\/privatisation\/\",\"name\":\"Privatisation - Palais Beit Al Noor\",\"isPartOf\":{\"@id\":\"https:\/\/palaisbeitalnoor.com\/#website\"},\"primaryImageOfPage\":{\"@id\":\"https:\/\/palaisbeitalnoor.com\/privatisation\/#primaryimage\"},\"image\":{\"@id\":\"https:\/\/palaisbeitalnoor.com\/privatisation\/#primaryimage\"},\"thumbnailUrl\":\"https:\/\/palaisbeitalnoor.com\/wp-content\/uploads\/2026\/02\/TERRASSE-1-EFFACER-CLIMATISEUR-scaled-e1770338393503.jpg\",\"datePublished\":\"2025-03-28T17:59:14+00:00\",\"dateModified\":\"2026-03-06T14:38:22+00:00\",\"description\":\"Le temps de votre s\u00e9jour \u00e0 Marrakech, le Riad Palais Beit Al Noor devient votre maison priv\u00e9e.\",\"breadcrumb\":{\"@id\":\"https:\/\/palaisbeitalnoor.com\/privatisation\/#breadcrumb\"},\"inLanguage\":\"en-US\",\"potentialAction\":[{\"@type\":\"ReadAction\",\"target\":[\"https:\/\/palaisbeitalnoor.com\/privatisation\/\"]}]},{\"@type\":\"ImageObject\",\"inLanguage\":\"en-US\",\"@id\":\"https:\/\/palaisbeitalnoor.com\/privatisation\/#primaryimage\",\"url\":\"https:\/\/palaisbeitalnoor.com\/wp-content\/uploads\/2026\/02\/TERRASSE-1-EFFACER-CLIMATISEUR-scaled-e1770338393503.jpg\",\"contentUrl\":\"https:\/\/palaisbeitalnoor.com\/wp-content\/uploads\/2026\/02\/TERRASSE-1-EFFACER-CLIMATISEUR-scaled-e1770338393503.jpg\"},{\"@type\":\"BreadcrumbList\",\"@id\":\"https:\/\/palaisbeitalnoor.com\/privatisation\/#breadcrumb\",\"itemListElement\":[{\"@type\":\"ListItem\",\"position\":1,\"name\":\"Accueil\",\"item\":\"https:\/\/palaisbeitalnoor.com\/\"},{\"@type\":\"ListItem\",\"position\":2,\"name\":\"Privatisation\"}]},{\"@type\":\"WebSite\",\"@id\":\"https:\/\/palaisbeitalnoor.com\/#website\",\"url\":\"https:\/\/palaisbeitalnoor.com\/\",\"name\":\"Palais Beit Al Noor\",\"description\":\"La Maison de la Lumi\u00e8re\",\"potentialAction\":[{\"@type\":\"SearchAction\",\"target\":{\"@type\":\"EntryPoint\",\"urlTemplate\":\"https:\/\/palaisbeitalnoor.com\/?s={search_term_string}\"},\"query-input\":{\"@type\":\"PropertyValueSpecification\",\"valueRequired\":true,\"valueName\":\"search_term_string\"}}],\"inLanguage\":\"en-US\"}]}<\/script>\n<!-- \/ Yoast SEO plugin. -->","yoast_head_json":{"title":"Privatization - Beit Al Noor Palace","description":"During your stay in Marrakech, the Riad Palais Beit Al Noor becomes your private home.","robots":{"index":"index","follow":"follow","max-snippet":"max-snippet:-1","max-image-preview":"max-image-preview:large","max-video-preview":"max-video-preview:-1"},"canonical":"https:\/\/palaisbeitalnoor.com\/en\/privatization\/","og_locale":"en_US","og_type":"article","og_title":"Privatisation - Palais Beit Al Noor","og_description":"Le temps de votre s\u00e9jour \u00e0 Marrakech, le Riad Palais Beit Al Noor devient votre maison priv\u00e9e.","og_url":"https:\/\/palaisbeitalnoor.com\/en\/privatization\/","og_site_name":"Palais Beit Al Noor","article_modified_time":"2026-03-06T14:38:22+00:00","og_image":[{"url":"https:\/\/palaisbeitalnoor.com\/wp-content\/uploads\/2026\/02\/TERRASSE-1-EFFACER-CLIMATISEUR-scaled-e1770338393503.jpg","type":"","width":"","height":""}],"twitter_card":"summary_large_image","twitter_misc":{"Est. reading time":"2 minutes"},"schema":{"@context":"https:\/\/schema.org","@graph":[{"@type":"WebPage","@id":"https:\/\/palaisbeitalnoor.com\/privatisation\/","url":"https:\/\/palaisbeitalnoor.com\/privatisation\/","name":"Privatization - Beit Al Noor Palace","isPartOf":{"@id":"https:\/\/palaisbeitalnoor.com\/#website"},"primaryImageOfPage":{"@id":"https:\/\/palaisbeitalnoor.com\/privatisation\/#primaryimage"},"image":{"@id":"https:\/\/palaisbeitalnoor.com\/privatisation\/#primaryimage"},"thumbnailUrl":"https:\/\/palaisbeitalnoor.com\/wp-content\/uploads\/2026\/02\/TERRASSE-1-EFFACER-CLIMATISEUR-scaled-e1770338393503.jpg","datePublished":"2025-03-28T17:59:14+00:00","dateModified":"2026-03-06T14:38:22+00:00","description":"During your stay in Marrakech, the Riad Palais Beit Al Noor becomes your private home.","breadcrumb":{"@id":"https:\/\/palaisbeitalnoor.com\/privatisation\/#breadcrumb"},"inLanguage":"en-US","potentialAction":[{"@type":"ReadAction","target":["https:\/\/palaisbeitalnoor.com\/privatisation\/"]}]},{"@type":"ImageObject","inLanguage":"en-US","@id":"https:\/\/palaisbeitalnoor.com\/privatisation\/#primaryimage","url":"https:\/\/palaisbeitalnoor.com\/wp-content\/uploads\/2026\/02\/TERRASSE-1-EFFACER-CLIMATISEUR-scaled-e1770338393503.jpg","contentUrl":"https:\/\/palaisbeitalnoor.com\/wp-content\/uploads\/2026\/02\/TERRASSE-1-EFFACER-CLIMATISEUR-scaled-e1770338393503.jpg"},{"@type":"BreadcrumbList","@id":"https:\/\/palaisbeitalnoor.com\/privatisation\/#breadcrumb","itemListElement":[{"@type":"ListItem","position":1,"name":"Accueil","item":"https:\/\/palaisbeitalnoor.com\/"},{"@type":"ListItem","position":2,"name":"Privatisation"}]},{"@type":"WebSite","@id":"https:\/\/palaisbeitalnoor.com\/#website","url":"https:\/\/palaisbeitalnoor.com\/","name":"Palais Beit Al Noor","description":"The House of Light","potentialAction":[{"@type":"SearchAction","target":{"@type":"EntryPoint","urlTemplate":"https:\/\/palaisbeitalnoor.com\/?s={search_term_string}"},"query-input":{"@type":"PropertyValueSpecification","valueRequired":true,"valueName":"search_term_string"}}],"inLanguage":"en-US"}]}},"_links":{"self":[{"href":"https:\/\/palaisbeitalnoor.com\/en\/wp-json\/wp\/v2\/pages\/469","targetHints":{"allow":["GET"]}}],"collection":[{"href":"https:\/\/palaisbeitalnoor.com\/en\/wp-json\/wp\/v2\/pages"}],"about":[{"href":"https:\/\/palaisbeitalnoor.com\/en\/wp-json\/wp\/v2\/types\/page"}],"author":[{"embeddable":true,"href":"https:\/\/palaisbeitalnoor.com\/en\/wp-json\/wp\/v2\/users\/1"}],"replies":[{"embeddable":true,"href":"https:\/\/palaisbeitalnoor.com\/en\/wp-json\/wp\/v2\/comments?post=469"}],"version-history":[{"count":21,"href":"https:\/\/palaisbeitalnoor.com\/en\/wp-json\/wp\/v2\/pages\/469\/revisions"}],"predecessor-version":[{"id":2391,"href":"https:\/\/palaisbeitalnoor.com\/en\/wp-json\/wp\/v2\/pages\/469\/revisions\/2391"}],"wp:attachment":[{"href":"https:\/\/palaisbeitalnoor.com\/en\/wp-json\/wp\/v2\/media?parent=469"}],"curies":[{"name":"wp","href":"https:\/\/api.w.org\/{rel}","templated":true}]}}