{"id":592,"date":"2025-03-28T19:15:39","date_gmt":"2025-03-28T19:15:39","guid":{"rendered":"https:\/\/webredox.net\/demo\/wp\/rixos\/?page_id=592"},"modified":"2026-03-06T14:36:46","modified_gmt":"2026-03-06T14:36:46","slug":"contact","status":"publish","type":"page","link":"https:\/\/palaisbeitalnoor.com\/en\/contact\/","title":{"rendered":"Contact"},"content":{"rendered":"<div data-elementor-type=\"wp-page\" data-elementor-id=\"592\" class=\"elementor elementor-592\">\n\t\t\t\t<div class=\"elementor-element elementor-element-3633da2e e-con-full e-flex e-con e-parent\" data-id=\"3633da2e\" data-element_type=\"container\" data-e-type=\"container\">\n\t\t\t\t<div class=\"elementor-element elementor-element-6f734c40 elementor-widget elementor-widget-rixos-banner-image\" data-id=\"6f734c40\" data-element_type=\"widget\" data-e-type=\"widget\" data-widget_type=\"rixos-banner-image.default\">\n\t\t\t\t<div class=\"elementor-widget-container\">\n\t\t\t\t\t\t\t\t\t<section class=\"parallax-header valign bg-img bg-img-d bg-fixed\" data-overlay-dark=\"5\" data-background=\"https:\/\/webredox.net\/demo\/wp\/rixos\/wp-content\/uploads\/2025\/03\/contact.jpg\">\n\t\t\t<div class=\"container\">\n\t\t\t\t<div class=\"row justify-content-start align-items-center\">\n\t\t\t\t\t<div class=\"col-lg-12 offset-md-0 col-md-12 rx-banner-text-align\">\n\t\t\t\t\t\t\t\t\t\t\t\t\t\t\t\t\t\t<h4 class=\"rx-header-banner-title\">Contact<\/h4>\n\t\t\t\t\t\t\t\t\t\t\t\t\t\t\t\t\t\t\t\t\t\t\t\t\t\t\t\t\t<\/div>\n\t\t\t\t\t\t\t\t\t<\/div>\n\t\t\t<\/div>\n\t\t<\/section>\n\t\t\t\t\t\t\t\t<\/div>\n\t\t\t\t<\/div>\n\t\t\t\t<\/div>\n\t\t<div class=\"elementor-element elementor-element-61bddca e-flex e-con-boxed e-con e-parent\" data-id=\"61bddca\" data-element_type=\"container\" data-e-type=\"container\" data-settings=\"{&quot;background_background&quot;:&quot;classic&quot;}\">\n\t\t\t\t\t<div class=\"e-con-inner\">\n\t\t<div class=\"elementor-element elementor-element-ac8dc5f e-con-full e-flex e-con e-child\" data-id=\"ac8dc5f\" data-element_type=\"container\" data-e-type=\"container\">\n\t\t<div class=\"elementor-element elementor-element-5654637 e-con-full e-flex e-con e-child\" data-id=\"5654637\" data-element_type=\"container\" data-e-type=\"container\">\n\t\t<div class=\"elementor-element elementor-element-c818fdf e-con-full e-flex e-con e-child\" data-id=\"c818fdf\" data-element_type=\"container\" data-e-type=\"container\">\n\t\t\t\t<div class=\"elementor-element elementor-element-50ff909 elementor-widget elementor-widget-rixos-contact-info\" data-id=\"50ff909\" data-element_type=\"widget\" data-e-type=\"widget\" data-widget_type=\"rixos-contact-info.default\">\n\t\t\t\t<div class=\"elementor-widget-container\">\n\t\t\t\t\t        \t\t<div class=\"contact\">\n\t\t\t<div class=\"item\">\n                <div class=\"front\">\n                    <div class=\"contents\"> \n\t\t\t\t\t\t\t\t\t\t\t\t                    \t<h2 class=\"title\">Palais Beit Al Noor<\/h2>\n\t\t\t\t\t\t\t\t\t\t\t\t                        <p class=\"text\">Medina, Zaouia Abbassia, Rue Sidi Ghanem Marrakech<\/p>\n\t\t\t\t\t\t                    <\/div>\n                <\/div>\n                <div class=\"back\"> \n\t\t\t\t\t\t\t\t\t\t<img decoding=\"async\" class=\"img img-fluid\" src=\"https:\/\/palaisbeitalnoor.com\/wp-content\/uploads\/2026\/02\/Medersa-6-1-1-scaled.jpg\" alt=\"\">\n\t\t\t\t\t                    <div class=\"contents\">\n\t\t\t\t\t\t\t\t\t\t\t\t\t\t<a class=\"btnx\" href=\"https:\/\/www.google.com\/maps?sca_esv=2bbc76108a4ecd6f&#038;rlz=1C5CHFA_enMA936MA936&#038;sxsrf=ANbL-n6Yof4OXQnNIWJjnX-skP4dbkVSMw:1771248976911&#038;biw=1512&#038;bih=861&#038;uact=5&#038;gs_lp=Egxnd3Mtd2l6LXNlcnAiCXJpYWQgYjYxMjIGEAAYFhgeMgIQJjIFEAAY7wUyCBAAGIAEGKIEMgUQABjvBTIFEAAY7wUyCBAAGIkFGKIESJ0LUNoFWOUIcAF4AJABAJgBlAGgAaEDqgEDMC4zuAEDyAEA-AEBmAIEoAKrA8ICCxAAGIAEGKIEGLADmAMAiAYBkAYEkgcDMS4zoAfvCbIHAzAuM7gHpwPCBwMwLjTIBweACAE&#038;um=1&#038;ie=UTF-8&#038;fb=1&#038;gl=ma&#038;sa=X&#038;geocode=KbMigxZ6768NMamHFR1IQee4&#038;daddr=J2Q6%2BPGV,+Derb+Taht+Sour+Lakbir,+Marrakech+40000\" target=\"_blank\">\n\t\t\t\t\t\t\tLocation Map\t\t\t\t\t\t\t<\/a>\n\t\t\t\t\t\t\t\t\t\t\t\t\t\t                    <\/div>\n                <\/div>\n            <\/div>\n        <\/div>\n\t\t\t\n        \t\t\t\t<\/div>\n\t\t\t\t<\/div>\n\t\t\t\t<\/div>\n\t\t<div class=\"elementor-element elementor-element-26a0150 e-con-full e-flex e-con e-child\" data-id=\"26a0150\" data-element_type=\"container\" data-e-type=\"container\">\n\t\t\t\t<div class=\"elementor-element elementor-element-b393833 elementor-widget elementor-widget-rixos-contact-info\" data-id=\"b393833\" data-element_type=\"widget\" data-e-type=\"widget\" data-widget_type=\"rixos-contact-info.default\">\n\t\t\t\t<div class=\"elementor-widget-container\">\n\t\t\t\t\t        \t\t<div class=\"contact\">\n\t\t\t<div class=\"item\">\n                <div class=\"front\">\n                    <div class=\"contents\"> \n\t\t\t\t\t\t\t\t\t\t\t\t                    \t<h2 class=\"title\">Contact us<\/h2>\n\t\t\t\t\t\t\t\t\t\t\t\t                        <p class=\"text\">Tel: +212 6 006 116 04<\/p>\n\t\t\t\t\t\t                    <\/div>\n                <\/div>\n                <div class=\"back\"> \n\t\t\t\t\t\t\t\t\t\t<img decoding=\"async\" class=\"img img-fluid\" src=\"https:\/\/webredox.net\/demo\/wp\/rixos\/wp-content\/uploads\/2025\/03\/contact3.jpg\" alt=\"\">\n\t\t\t\t\t                    <div class=\"contents\">\n\t\t\t\t\t\t\t\t\t\t\t\t\t\t\t\t\t\t\t\t\t<a class=\"btnx\" href=\"tel:+212600611604\">\n\t\t\t\t\t\t\tCall\t\t\t\t\t\t\t<\/a>\n\t\t\t\t\t\t\t\t\t\t\t\t\t\t                    <\/div>\n                <\/div>\n            <\/div>\n        <\/div>\n\t\t\t\n        \t\t\t\t<\/div>\n\t\t\t\t<\/div>\n\t\t\t\t<\/div>\n\t\t\t\t<\/div>\n\t\t<div class=\"elementor-element elementor-element-09bd6ca e-con-full e-flex e-con e-child\" data-id=\"09bd6ca\" data-element_type=\"container\" data-e-type=\"container\">\n\t\t\t\t<div class=\"elementor-element elementor-element-bef9e43 elementor-widget elementor-widget-google_maps\" data-id=\"bef9e43\" data-element_type=\"widget\" data-e-type=\"widget\" data-widget_type=\"google_maps.default\">\n\t\t\t\t\t\t\t<div class=\"elementor-custom-embed\">\n\t\t\t<iframe loading=\"lazy\"\n\t\t\t\t\tsrc=\"https:\/\/maps.google.com\/maps?q=Riad%20b612%2C%20marrakech&#038;t=m&#038;z=15&#038;output=embed&#038;iwloc=near\"\n\t\t\t\t\ttitle=\"Riad b612, Marrakech\"\n\t\t\t\t\taria-label=\"Riad b612, Marrakech\"\n\t\t\t><\/iframe>\n\t\t<\/div>\n\t\t\t\t\t\t<\/div>\n\t\t\t\t<\/div>\n\t\t\t\t<\/div>\n\t\t<div class=\"elementor-element elementor-element-1db4aba e-con-full e-flex e-con e-child\" data-id=\"1db4aba\" data-element_type=\"container\" data-e-type=\"container\">\n\t\t\t\t<\/div>\n\t\t<div class=\"elementor-element elementor-element-3bbbfda e-con-full e-flex e-con e-child\" data-id=\"3bbbfda\" data-element_type=\"container\" data-e-type=\"container\">\n\t\t\t\t<div class=\"elementor-element elementor-element-b2d73d5 elementor-widget elementor-widget-rixos-form\" data-id=\"b2d73d5\" data-element_type=\"widget\" data-e-type=\"widget\" data-widget_type=\"rixos-form.default\">\n\t\t\t\t<div class=\"elementor-widget-container\">\n\t\t\t\t\t\t\t<div class=\"form2\">\n\t\t\t\t\t\t<div class=\"head\">\n                <div class=\"row\">\n                    <div class=\"col-md-12\">\n                        <h5>Write to us<\/h5>\n                    <\/div>\n                <\/div>\n            <\/div>\n\t\t\t\t\t\t<div class=\"cont\">\n\t\t\t\t\t\t\t\n<div class=\"wpcf7 no-js\" id=\"wpcf7-f1328-o1\" lang=\"en-US\" dir=\"ltr\" data-wpcf7-id=\"1328\">\n<div class=\"screen-reader-response\"><p role=\"status\" aria-live=\"polite\" aria-atomic=\"true\"><\/p> <ul><\/ul><\/div>\n<form action=\"\/en\/wp-json\/wp\/v2\/pages\/592#wpcf7-f1328-o1\" method=\"post\" class=\"wpcf7-form init\" aria-label=\"Contact form\" novalidate=\"novalidate\" data-status=\"init\" data-trp-original-action=\"\/en\/wp-json\/wp\/v2\/pages\/592#wpcf7-f1328-o1\">\n<fieldset class=\"hidden-fields-container\"><input type=\"hidden\" name=\"_wpcf7\" value=\"1328\" \/><input type=\"hidden\" name=\"_wpcf7_version\" value=\"6.1.5\" \/><input type=\"hidden\" name=\"_wpcf7_locale\" value=\"en_US\" \/><input type=\"hidden\" name=\"_wpcf7_unit_tag\" value=\"wpcf7-f1328-o1\" \/><input type=\"hidden\" name=\"_wpcf7_container_post\" value=\"0\" \/><input type=\"hidden\" name=\"_wpcf7_posted_data_hash\" value=\"\" \/>\n<\/fieldset>\n<label> Your Full Name\n    <span class=\"wpcf7-form-control-wrap\" data-name=\"your-name\"><input size=\"40\" maxlength=\"400\" class=\"wpcf7-form-control wpcf7-text wpcf7-validates-as-required\" autocomplete=\"name\" aria-required=\"true\" aria-invalid=\"false\" value=\"\" type=\"text\" name=\"your-name\" \/><\/span> <\/label>\n\n<label> Your Email\n    <span class=\"wpcf7-form-control-wrap\" data-name=\"your-email\"><input size=\"40\" maxlength=\"400\" class=\"wpcf7-form-control wpcf7-email wpcf7-validates-as-required wpcf7-text wpcf7-validates-as-email\" autocomplete=\"email\" aria-required=\"true\" aria-invalid=\"false\" value=\"\" type=\"email\" name=\"your-email\" \/><\/span> <\/label>\n\n<label> Subject\n    <span class=\"wpcf7-form-control-wrap\" data-name=\"your-subject\"><input size=\"40\" maxlength=\"400\" class=\"wpcf7-form-control wpcf7-text wpcf7-validates-as-required\" aria-required=\"true\" aria-invalid=\"false\" value=\"\" type=\"text\" name=\"your-subject\" \/><\/span> <\/label>\n\n<label> Your message\n    <span class=\"wpcf7-form-control-wrap\" data-name=\"your-message\"><textarea cols=\"40\" rows=\"10\" maxlength=\"2000\" class=\"wpcf7-form-control wpcf7-textarea wpcf7-validates-as-required\" aria-required=\"true\" aria-invalid=\"false\" name=\"your-message\"><\/textarea><\/span> <\/label>\n\n<div class=\"wpcf7-form-control has-spinner wpcf7-submit\"><button class=\"button-3\"><i class=\"fa-light fa-paper-plane\"><\/i> Submit<\/button><\/div><div class=\"wpcf7-response-output\" aria-hidden=\"true\"><\/div>\n<input type=\"hidden\" name=\"trp-form-language\" value=\"en\"\/><\/form>\n<\/div>\n\t\t\t\t\t\t<\/div>\n\t\t<\/div>\n\t\t\t\t\t\t<\/div>\n\t\t\t\t<\/div>\n\t\t\t\t<\/div>\n\t\t\t\t\t<\/div>\n\t\t\t\t<\/div>\n\t\t\t\t<\/div>","protected":false},"excerpt":{"rendered":"<p>Contact Palais Beit Al Noor M\u00e9dina, Zaouia Abbassia, Rue Sidi Ghanem Marrakech Localisation Map Contactez-nous T\u00e9l: +212 6 006 116 04 Appelez Nous \u00e9crire Votre Nom Complet Votre Email Sujet Votre message Submit<\/p>","protected":false},"author":1,"featured_media":0,"parent":0,"menu_order":0,"comment_status":"closed","ping_status":"closed","template":"","meta":{"footnotes":"","_links_to":"","_links_to_target":""},"class_list":["post-592","page","type-page","status-publish","hentry"],"yoast_head":"<!-- This site is optimized with the Yoast SEO plugin v27.1.1 - https:\/\/yoast.com\/product\/yoast-seo-wordpress\/ -->\n<title>Contact - Palais Beit Al Noor<\/title>\n<meta name=\"description\" content=\"D\u00e9couvrez le Palais Beit Al Noor, un palais de luxe intimiste situ\u00e9 au c\u0153ur de la m\u00e9dina de Marrakech.\" \/>\n<meta name=\"robots\" content=\"index, follow, max-snippet:-1, max-image-preview:large, max-video-preview:-1\" \/>\n<link rel=\"canonical\" href=\"https:\/\/palaisbeitalnoor.com\/en\/contact\/\" \/>\n<meta property=\"og:locale\" content=\"en_US\" \/>\n<meta property=\"og:type\" content=\"article\" \/>\n<meta property=\"og:title\" content=\"Contact - Palais Beit Al Noor\" \/>\n<meta property=\"og:description\" content=\"D\u00e9couvrez le Palais Beit Al Noor, un palais de luxe intimiste situ\u00e9 au c\u0153ur de la m\u00e9dina de Marrakech.\" \/>\n<meta property=\"og:url\" content=\"https:\/\/palaisbeitalnoor.com\/en\/contact\/\" \/>\n<meta property=\"og:site_name\" content=\"Palais Beit Al Noor\" \/>\n<meta property=\"article:modified_time\" content=\"2026-03-06T14:36:46+00:00\" \/>\n<meta property=\"og:image\" content=\"https:\/\/palaisbeitalnoor.com\/wp-content\/uploads\/2026\/02\/Medersa-6-1-1-scaled.jpg\" \/>\n<meta name=\"twitter:card\" content=\"summary_large_image\" \/>\n<meta name=\"twitter:label1\" content=\"Est. reading time\" \/>\n\t<meta name=\"twitter:data1\" content=\"1 minute\" \/>\n<script type=\"application\/ld+json\" class=\"yoast-schema-graph\">{\"@context\":\"https:\/\/schema.org\",\"@graph\":[{\"@type\":\"WebPage\",\"@id\":\"https:\/\/palaisbeitalnoor.com\/contact\/\",\"url\":\"https:\/\/palaisbeitalnoor.com\/contact\/\",\"name\":\"Contact - Palais Beit Al Noor\",\"isPartOf\":{\"@id\":\"https:\/\/palaisbeitalnoor.com\/#website\"},\"primaryImageOfPage\":{\"@id\":\"https:\/\/palaisbeitalnoor.com\/contact\/#primaryimage\"},\"image\":{\"@id\":\"https:\/\/palaisbeitalnoor.com\/contact\/#primaryimage\"},\"thumbnailUrl\":\"https:\/\/palaisbeitalnoor.com\/wp-content\/uploads\/2026\/02\/Medersa-6-1-1-scaled.jpg\",\"datePublished\":\"2025-03-28T19:15:39+00:00\",\"dateModified\":\"2026-03-06T14:36:46+00:00\",\"description\":\"D\u00e9couvrez le Palais Beit Al Noor, un palais de luxe intimiste situ\u00e9 au c\u0153ur de la m\u00e9dina de Marrakech.\",\"breadcrumb\":{\"@id\":\"https:\/\/palaisbeitalnoor.com\/contact\/#breadcrumb\"},\"inLanguage\":\"en-US\",\"potentialAction\":[{\"@type\":\"ReadAction\",\"target\":[\"https:\/\/palaisbeitalnoor.com\/contact\/\"]}]},{\"@type\":\"ImageObject\",\"inLanguage\":\"en-US\",\"@id\":\"https:\/\/palaisbeitalnoor.com\/contact\/#primaryimage\",\"url\":\"https:\/\/palaisbeitalnoor.com\/wp-content\/uploads\/2026\/02\/Medersa-6-1-1-scaled.jpg\",\"contentUrl\":\"https:\/\/palaisbeitalnoor.com\/wp-content\/uploads\/2026\/02\/Medersa-6-1-1-scaled.jpg\"},{\"@type\":\"BreadcrumbList\",\"@id\":\"https:\/\/palaisbeitalnoor.com\/contact\/#breadcrumb\",\"itemListElement\":[{\"@type\":\"ListItem\",\"position\":1,\"name\":\"Accueil\",\"item\":\"https:\/\/palaisbeitalnoor.com\/\"},{\"@type\":\"ListItem\",\"position\":2,\"name\":\"Contact\"}]},{\"@type\":\"WebSite\",\"@id\":\"https:\/\/palaisbeitalnoor.com\/#website\",\"url\":\"https:\/\/palaisbeitalnoor.com\/\",\"name\":\"Palais Beit Al Noor\",\"description\":\"La Maison de la Lumi\u00e8re\",\"potentialAction\":[{\"@type\":\"SearchAction\",\"target\":{\"@type\":\"EntryPoint\",\"urlTemplate\":\"https:\/\/palaisbeitalnoor.com\/?s={search_term_string}\"},\"query-input\":{\"@type\":\"PropertyValueSpecification\",\"valueRequired\":true,\"valueName\":\"search_term_string\"}}],\"inLanguage\":\"en-US\"}]}<\/script>\n<!-- \/ Yoast SEO plugin. -->","yoast_head_json":{"title":"Contact - Beit Al Noor Palace","description":"Discover Palais Beit Al Noor, an intimate luxury palace located in the heart of the Marrakech medina.","robots":{"index":"index","follow":"follow","max-snippet":"max-snippet:-1","max-image-preview":"max-image-preview:large","max-video-preview":"max-video-preview:-1"},"canonical":"https:\/\/palaisbeitalnoor.com\/en\/contact\/","og_locale":"en_US","og_type":"article","og_title":"Contact - Palais Beit Al Noor","og_description":"D\u00e9couvrez le Palais Beit Al Noor, un palais de luxe intimiste situ\u00e9 au c\u0153ur de la m\u00e9dina de Marrakech.","og_url":"https:\/\/palaisbeitalnoor.com\/en\/contact\/","og_site_name":"Palais Beit Al Noor","article_modified_time":"2026-03-06T14:36:46+00:00","og_image":[{"url":"https:\/\/palaisbeitalnoor.com\/wp-content\/uploads\/2026\/02\/Medersa-6-1-1-scaled.jpg","type":"","width":"","height":""}],"twitter_card":"summary_large_image","twitter_misc":{"Est. reading time":"1 minute"},"schema":{"@context":"https:\/\/schema.org","@graph":[{"@type":"WebPage","@id":"https:\/\/palaisbeitalnoor.com\/contact\/","url":"https:\/\/palaisbeitalnoor.com\/contact\/","name":"Contact - Beit Al Noor Palace","isPartOf":{"@id":"https:\/\/palaisbeitalnoor.com\/#website"},"primaryImageOfPage":{"@id":"https:\/\/palaisbeitalnoor.com\/contact\/#primaryimage"},"image":{"@id":"https:\/\/palaisbeitalnoor.com\/contact\/#primaryimage"},"thumbnailUrl":"https:\/\/palaisbeitalnoor.com\/wp-content\/uploads\/2026\/02\/Medersa-6-1-1-scaled.jpg","datePublished":"2025-03-28T19:15:39+00:00","dateModified":"2026-03-06T14:36:46+00:00","description":"Discover Palais Beit Al Noor, an intimate luxury palace located in the heart of the Marrakech medina.","breadcrumb":{"@id":"https:\/\/palaisbeitalnoor.com\/contact\/#breadcrumb"},"inLanguage":"en-US","potentialAction":[{"@type":"ReadAction","target":["https:\/\/palaisbeitalnoor.com\/contact\/"]}]},{"@type":"ImageObject","inLanguage":"en-US","@id":"https:\/\/palaisbeitalnoor.com\/contact\/#primaryimage","url":"https:\/\/palaisbeitalnoor.com\/wp-content\/uploads\/2026\/02\/Medersa-6-1-1-scaled.jpg","contentUrl":"https:\/\/palaisbeitalnoor.com\/wp-content\/uploads\/2026\/02\/Medersa-6-1-1-scaled.jpg"},{"@type":"BreadcrumbList","@id":"https:\/\/palaisbeitalnoor.com\/contact\/#breadcrumb","itemListElement":[{"@type":"ListItem","position":1,"name":"Accueil","item":"https:\/\/palaisbeitalnoor.com\/"},{"@type":"ListItem","position":2,"name":"Contact"}]},{"@type":"WebSite","@id":"https:\/\/palaisbeitalnoor.com\/#website","url":"https:\/\/palaisbeitalnoor.com\/","name":"Palais Beit Al Noor","description":"The House of Light","potentialAction":[{"@type":"SearchAction","target":{"@type":"EntryPoint","urlTemplate":"https:\/\/palaisbeitalnoor.com\/?s={search_term_string}"},"query-input":{"@type":"PropertyValueSpecification","valueRequired":true,"valueName":"search_term_string"}}],"inLanguage":"en-US"}]}},"_links":{"self":[{"href":"https:\/\/palaisbeitalnoor.com\/en\/wp-json\/wp\/v2\/pages\/592","targetHints":{"allow":["GET"]}}],"collection":[{"href":"https:\/\/palaisbeitalnoor.com\/en\/wp-json\/wp\/v2\/pages"}],"about":[{"href":"https:\/\/palaisbeitalnoor.com\/en\/wp-json\/wp\/v2\/types\/page"}],"author":[{"embeddable":true,"href":"https:\/\/palaisbeitalnoor.com\/en\/wp-json\/wp\/v2\/users\/1"}],"replies":[{"embeddable":true,"href":"https:\/\/palaisbeitalnoor.com\/en\/wp-json\/wp\/v2\/comments?post=592"}],"version-history":[{"count":26,"href":"https:\/\/palaisbeitalnoor.com\/en\/wp-json\/wp\/v2\/pages\/592\/revisions"}],"predecessor-version":[{"id":2389,"href":"https:\/\/palaisbeitalnoor.com\/en\/wp-json\/wp\/v2\/pages\/592\/revisions\/2389"}],"wp:attachment":[{"href":"https:\/\/palaisbeitalnoor.com\/en\/wp-json\/wp\/v2\/media?parent=592"}],"curies":[{"name":"wp","href":"https:\/\/api.w.org\/{rel}","templated":true}]}}